{"id":4318,"date":"2023-02-10T15:57:02","date_gmt":"2023-02-10T18:57:02","guid":{"rendered":"https:\/\/graficaarejano.com.br\/site\/?post_type=product&#038;p=4318"},"modified":"2025-07-02T12:15:59","modified_gmt":"2025-07-02T15:15:59","slug":"tabuleiro-de-xadrez-damas-em-lona-440g","status":"publish","type":"product","link":"https:\/\/graficaarejano.com.br\/site\/produto\/tabuleiro-de-xadrez-damas-em-lona-440g\/","title":{"rendered":"Tabuleiro em Lona Fotogr\u00e1fica"},"content":{"rendered":"<p><em><strong>ATEN\u00c7\u00c3O<\/strong><\/em><\/p>\n<p>=&gt; Nenhum jogo de pe\u00e7as est\u00e1 incluso nos pedidos de tabuleiros, eles devem ser comprados separadamente, nos <em><strong>&#8220;adicionais&#8221;<\/strong><\/em> ou nas suas p\u00e1ginas oficiais;<br \/>\n=&gt; Confira a cor e as caracter\u00edsticas do seu tabuleiro no ato da compra.<br \/>\n=&gt; <em><strong>N\u00e3o \u00e9 poss\u00edvel<\/strong> alterar as configura\u00e7\u00f5es (Medidas, cores, casas, coordenadas e etc.) dos nossos modelos j\u00e1 existentes. Para fazer um tabuleiro personalizado, somente para voc\u00ea, <strong><a href=\"https:\/\/graficaarejano.com.br\/site\/produto\/tabuleiro-personalizado-com-a-sua-arte\/\">CLIQUE AQUI<\/a><\/strong> e envie sua arte, no ato do pedido, ou contrate um designer gr\u00e1fico para criar o seu tabuleiro conforme voc\u00ea deseja.<\/em><br \/>\n______________________________________________<\/p>\n<p>=&gt; Nossos tabuleiros em Lona s\u00e3o produzidos com o objetivo de tornar seu deslocamento mais pr\u00e1tico (especial para estudos, clubes, associa\u00e7\u00e3o e federa\u00e7\u00f5es, que precisam transportar grande quantidade ou at\u00e9 mesmo uma \u00fanica unidade, sem muito peso), leve e r\u00e1pido, por\u00e9m, sem perder sua beleza e qualidade. S\u00e3o produzidos em Lona Fotogr\u00e1fica 440g com impress\u00e3o em alta resolu\u00e7\u00e3o. Ele \u00e9 resistente, leve e flex\u00edvel!<\/p>\n<p>______________________________________________<\/p>\n<p>ATEN\u00c7\u00c3O \u00c0S INFORMA\u00c7\u00d5ES IMPORTANTES!<\/p>\n<p>=&gt; As pe\u00e7as s\u00e3o meramente ILUSTRATIVAS, apenas o tabuleiro \u00e9 que est\u00e1 sendo comercializado!!<br \/>\n=&gt; Os monitores de computadores e as telas dos celulares possuem uma calibra\u00e7\u00e3o de cores (RGB) muito diferente das impressoras (CMYK), portanto, podem ocorrer pequenas altera\u00e7\u00f5es de tonalidades com rela\u00e7\u00e3o \u00e0 foto, mas s\u00e3o m\u00ednimas e nada que descaracterize o produto.<br \/>\n______________________________________________<\/p>\n<p>INFORMA\u00c7\u00d5ES T\u00c9CNICAS DO PRODUTO<\/p>\n<p>Material: Lona Fotogr\u00e1fica 440g<br \/>\nMedida total aproximada: 50&#215;50 cm<br \/>\nMedidas das casas: 5,6 x 5,6 cm<br \/>\nAcabamento: Cantos Arredondados<\/p>\n<p>Aguardamos sua compra!<\/p>\n<p>\ud83d\ude42<\/p>\n","protected":false},"excerpt":{"rendered":"<p>ATEN\u00c7\u00c3O =&gt; Nenhum jogo de pe\u00e7as est\u00e1 incluso nos pedidos de tabuleiros, eles devem ser comprados separadamente, nos &#8220;adicionais&#8221; ou nas suas p\u00e1ginas oficiais; =&gt; Confira a cor e as caracter\u00edsticas do seu tabuleiro no ato da compra. =&gt; N\u00e3o \u00e9 poss\u00edvel alterar as configura\u00e7\u00f5es (Medidas, cores, casas, coordenadas e etc.) dos nossos modelos j\u00e1 [&hellip;]<\/p>\n","protected":false},"featured_media":8869,"comment_status":"open","ping_status":"closed","template":"","meta":[],"product_brand":[],"product_cat":[802],"product_tag":[],"class_list":{"0":"post-4318","1":"product","2":"type-product","3":"status-publish","4":"has-post-thumbnail","6":"product_cat-xadrez-damas","8":"first","9":"instock","10":"shipping-taxable","11":"purchasable","12":"product-type-variable"},"acf":[],"jetpack_sharing_enabled":true,"_links":{"self":[{"href":"https:\/\/graficaarejano.com.br\/site\/wp-json\/wp\/v2\/product\/4318","targetHints":{"allow":["GET"]}}],"collection":[{"href":"https:\/\/graficaarejano.com.br\/site\/wp-json\/wp\/v2\/product"}],"about":[{"href":"https:\/\/graficaarejano.com.br\/site\/wp-json\/wp\/v2\/types\/product"}],"replies":[{"embeddable":true,"href":"https:\/\/graficaarejano.com.br\/site\/wp-json\/wp\/v2\/comments?post=4318"}],"wp:featuredmedia":[{"embeddable":true,"href":"https:\/\/graficaarejano.com.br\/site\/wp-json\/wp\/v2\/media\/8869"}],"wp:attachment":[{"href":"https:\/\/graficaarejano.com.br\/site\/wp-json\/wp\/v2\/media?parent=4318"}],"wp:term":[{"taxonomy":"product_brand","embeddable":true,"href":"https:\/\/graficaarejano.com.br\/site\/wp-json\/wp\/v2\/product_brand?post=4318"},{"taxonomy":"product_cat","embeddable":true,"href":"https:\/\/graficaarejano.com.br\/site\/wp-json\/wp\/v2\/product_cat?post=4318"},{"taxonomy":"product_tag","embeddable":true,"href":"https:\/\/graficaarejano.com.br\/site\/wp-json\/wp\/v2\/product_tag?post=4318"}],"curies":[{"name":"wp","href":"https:\/\/api.w.org\/{rel}","templated":true}]}}