{"id":4335,"date":"2023-02-10T16:17:33","date_gmt":"2023-02-10T19:17:33","guid":{"rendered":"https:\/\/graficaarejano.com.br\/site\/?post_type=product&#038;p=4335"},"modified":"2025-06-28T21:41:05","modified_gmt":"2025-06-29T00:41:05","slug":"tabuleiro-xadrez-vidro-luxo-os-grandes-campeoes","status":"publish","type":"product","link":"https:\/\/graficaarejano.com.br\/site\/produto\/tabuleiro-xadrez-vidro-luxo-os-grandes-campeoes\/","title":{"rendered":"Tabuleiro Vidro Luxo &#8211; Os Grandes Campe\u00f5es!"},"content":{"rendered":"<p data-start=\"298\" data-end=\"653\"><strong data-start=\"298\" data-end=\"350\">Beleza, tradi\u00e7\u00e3o e impacto visual em cada lance.<\/strong><br data-start=\"350\" data-end=\"353\" \/>Este tabuleiro de vidro vai muito al\u00e9m da funcionalidade: \u00e9 uma pe\u00e7a de destaque, feita para quem ama o xadrez e respeita sua hist\u00f3ria.<br data-start=\"488\" data-end=\"491\" \/>Com <strong data-start=\"495\" data-end=\"519\">acabamento brilhante<\/strong>, <strong data-start=\"521\" data-end=\"539\">cores variadas<\/strong> e as <strong data-start=\"545\" data-end=\"597\">fotos de todos os Campe\u00f5es Mundiais nas laterais<\/strong>, ele transforma qualquer ambiente em um templo do jogo.<\/p>\n<p data-start=\"798\" data-end=\"878\"><strong data-start=\"798\" data-end=\"878\">Escolha sua cor, eleve seu jogo e carregue a hist\u00f3ria do xadrez ao seu lado.<\/strong><\/p>\n<p><em><strong>ATEN\u00c7\u00c3O<\/strong><\/em><\/p>\n<p>=&gt; Nenhum jogo de pe\u00e7as est\u00e1 incluso nos pedidos de tabuleiros, eles devem ser comprados separadamente, nos <strong>&#8220;adicionais&#8221;<\/strong> ou nas suas p\u00e1ginas oficiais;<br \/>\n=&gt; Confira a cor e as caracter\u00edsticas do seu tabuleiro no ato da compra.<br \/>\n=&gt; <em><strong>N\u00e3o \u00e9 poss\u00edvel<\/strong> alterar as configura\u00e7\u00f5es (Medidas, cores, casas, coordenadas e etc.) dos nossos modelos j\u00e1 existentes. Para fazer um tabuleiro personalizado, somente para voc\u00ea, <strong><a href=\"https:\/\/graficaarejano.com.br\/site\/produto\/tabuleiro-personalizado-com-a-sua-arte\/\">CLIQUE AQUI<\/a><\/strong> e envie sua arte, no ato do pedido, ou contrate um designer gr\u00e1fico para criar o seu tabuleiro conforme voc\u00ea deseja.<\/em><\/p>\n<p>_______________________________________________<\/p>\n<p>Este modelo de tabuleiro possui um prazo de produ\u00e7\u00e3o de <strong>7 dias \u00fateis.<\/strong><\/p>\n<p><strong>(Em casos excepcionais, da falta de vidro no estoque, a produ\u00e7\u00e3o dos tabuleiros pode levar, no m\u00e1ximo, mais 7 dias)<\/strong><\/p>\n<p>_________________________________________________<\/p>\n<p>APROVEITE O VALOR PROMOCIONAL DE LAN\u00c7AMENTO!!!<\/p>\n<p>Compre com uma empresa Mercado L\u00edder, pioneira na produ\u00e7\u00e3o de Tabuleiros, honesta com nossas transa\u00e7\u00f5es, que conhece o esporte do xadrez e sabemos o que \u00e9 melhor para voc\u00ea. N\u00e3o aceite imita\u00e7\u00f5es. Receba seu pedido com toda a seguran\u00e7a.<\/p>\n<p>&#8211; Primeiramente, Parab\u00e9ns por ter chegado at\u00e9 aqui!<br \/>\nIsso significa que voc\u00ea precisa de um tabuleiro de xadrez digno de um campe\u00e3o e produzido nos mais altos padr\u00f5es de mercado, portanto, nosso tabuleiro \u00e9 o certo para voc\u00ea!<br \/>\nEste modelo, de todos os campe\u00f5es, \u00e9 para um verdadeiro f\u00e3 de xadrez e, todo bom jogador, tamb\u00e9m deve conhecer a hist\u00f3ria do seu jogo. Inspire-se vendo estas feras do xadrez ou conte, utilizando o tabuleiro, a hist\u00f3ria do xadrez para seus amigos.<\/p>\n<p>Produzido em vidro temperado e lapidado, 6mm, 5 vezes mais resistente que o vidro normal, adesivado com adesivo em alta defini\u00e7\u00e3o, lamina\u00e7\u00e3o por baixo do vidro e cantos arredondados, possibilitando a visualiza\u00e7\u00e3o total do vidro, \u00e9 o tabuleiro perfeito para voc\u00ea, que \u00e9 um jogador exigente e que deseja algo diferenciado para seus jogos di\u00e1rios ou at\u00e9 mesmo decorativos!<\/p>\n<p>ATEN\u00c7\u00c3O \u00c0S INFORMA\u00c7\u00d5ES IMPORTANTES!<\/p>\n<p>=&gt; As pe\u00e7as s\u00e3o meramente ilustrativas, apenas o tabuleiro \u00e9 que est\u00e1 sendo comercializado!!<br \/>\n=&gt;\u00a0 Se voc\u00ea arrastar o seu tabuleiro na mesa, os batente podem se soltar;<br \/>\n=&gt; Os monitores de computadores e as telas dos celulares possuem uma calibra\u00e7\u00e3o de cores (RGB) muito diferente das impressoras (CMYK), portanto, podem ocorrer pequenas altera\u00e7\u00f5es de tonalidades com rela\u00e7\u00e3o \u00e0 foto, mas s\u00e3o m\u00ednimas e nada que descaracterize o produto.<\/p>\n<p>INFORMA\u00c7\u00d5ES T\u00c9CNICAS DO PRODUTO<\/p>\n<p>Material: Vidro Temperado 6mm<br \/>\nMedida total do tabuleiro: 45x55x0,6 cm<br \/>\nMedidas das casas: 5,0 cm<br \/>\nMedidas das casas da cor Jacarand\u00e1\/Bege (Sem Coordenadas): 5,3 cm<br \/>\nPeso total: 4 Quilos<br \/>\nAcabamento: Lapida\u00e7\u00e3o e cantos arredondados<\/p>\n<p>Aguardamos sua compra!<\/p>\n<p>\ud83d\ude42<\/p>\n","protected":false},"excerpt":{"rendered":"<p>A melhor homenagem ao mundo do xadrez que voc\u00ea pode ter!<\/p>\n","protected":false},"featured_media":6978,"comment_status":"open","ping_status":"closed","template":"","meta":[],"product_brand":[],"product_cat":[802],"product_tag":[],"class_list":{"0":"post-4335","1":"product","2":"type-product","3":"status-publish","4":"has-post-thumbnail","6":"product_cat-xadrez-damas","8":"first","9":"instock","10":"shipping-taxable","11":"purchasable","12":"product-type-variable"},"acf":[],"_links":{"self":[{"href":"https:\/\/graficaarejano.com.br\/site\/wp-json\/wp\/v2\/product\/4335","targetHints":{"allow":["GET"]}}],"collection":[{"href":"https:\/\/graficaarejano.com.br\/site\/wp-json\/wp\/v2\/product"}],"about":[{"href":"https:\/\/graficaarejano.com.br\/site\/wp-json\/wp\/v2\/types\/product"}],"replies":[{"embeddable":true,"href":"https:\/\/graficaarejano.com.br\/site\/wp-json\/wp\/v2\/comments?post=4335"}],"wp:featuredmedia":[{"embeddable":true,"href":"https:\/\/graficaarejano.com.br\/site\/wp-json\/wp\/v2\/media\/6978"}],"wp:attachment":[{"href":"https:\/\/graficaarejano.com.br\/site\/wp-json\/wp\/v2\/media?parent=4335"}],"wp:term":[{"taxonomy":"product_brand","embeddable":true,"href":"https:\/\/graficaarejano.com.br\/site\/wp-json\/wp\/v2\/product_brand?post=4335"},{"taxonomy":"product_cat","embeddable":true,"href":"https:\/\/graficaarejano.com.br\/site\/wp-json\/wp\/v2\/product_cat?post=4335"},{"taxonomy":"product_tag","embeddable":true,"href":"https:\/\/graficaarejano.com.br\/site\/wp-json\/wp\/v2\/product_tag?post=4335"}],"curies":[{"name":"wp","href":"https:\/\/api.w.org\/{rel}","templated":true}]}}