{"id":4568,"date":"2023-10-27T18:20:18","date_gmt":"2023-10-27T21:20:18","guid":{"rendered":"https:\/\/graficaarejano.com.br\/site\/?post_type=product&#038;p=4568"},"modified":"2023-11-30T16:12:05","modified_gmt":"2023-11-30T19:12:05","slug":"convites-simples-10x15-cm","status":"publish","type":"product","link":"https:\/\/graficaarejano.com.br\/site\/produto\/convites-simples-10x15-cm\/","title":{"rendered":"Convites Simples 10&#215;15 cm"},"content":{"rendered":"<p>Os Convites est\u00e3o sempre em alta e nunca saem de moda. S\u00e3o indispens\u00e1veis para qualquer evento, palestra ou coisas do tipo. Com v\u00e1rios formatos, pap\u00e9is e acabamentos diferentes, um certamente ir\u00e1 atender \u00e0s necessidades do seu cliente.<\/p>\n","protected":false},"excerpt":{"rendered":"<p>Os Convites est\u00e3o sempre em alta e nunca saem de moda. S\u00e3o indispens\u00e1veis para qualquer evento, palestra ou coisas do tipo. Com v\u00e1rios formatos, pap\u00e9is e acabamentos diferentes, um certamente ir\u00e1 atender \u00e0s necessidades do seu cliente.<\/p>\n","protected":false},"featured_media":4585,"comment_status":"open","ping_status":"closed","template":"","meta":[],"product_brand":[],"product_cat":[872],"product_tag":[],"class_list":{"0":"post-4568","1":"product","2":"type-product","3":"status-publish","4":"has-post-thumbnail","6":"product_cat-convites","8":"first","9":"instock","10":"shipping-taxable","11":"purchasable","12":"product-type-variable","13":"has-default-attributes"},"acf":[],"jetpack_sharing_enabled":true,"_links":{"self":[{"href":"https:\/\/graficaarejano.com.br\/site\/wp-json\/wp\/v2\/product\/4568","targetHints":{"allow":["GET"]}}],"collection":[{"href":"https:\/\/graficaarejano.com.br\/site\/wp-json\/wp\/v2\/product"}],"about":[{"href":"https:\/\/graficaarejano.com.br\/site\/wp-json\/wp\/v2\/types\/product"}],"replies":[{"embeddable":true,"href":"https:\/\/graficaarejano.com.br\/site\/wp-json\/wp\/v2\/comments?post=4568"}],"wp:featuredmedia":[{"embeddable":true,"href":"https:\/\/graficaarejano.com.br\/site\/wp-json\/wp\/v2\/media\/4585"}],"wp:attachment":[{"href":"https:\/\/graficaarejano.com.br\/site\/wp-json\/wp\/v2\/media?parent=4568"}],"wp:term":[{"taxonomy":"product_brand","embeddable":true,"href":"https:\/\/graficaarejano.com.br\/site\/wp-json\/wp\/v2\/product_brand?post=4568"},{"taxonomy":"product_cat","embeddable":true,"href":"https:\/\/graficaarejano.com.br\/site\/wp-json\/wp\/v2\/product_cat?post=4568"},{"taxonomy":"product_tag","embeddable":true,"href":"https:\/\/graficaarejano.com.br\/site\/wp-json\/wp\/v2\/product_tag?post=4568"}],"curies":[{"name":"wp","href":"https:\/\/api.w.org\/{rel}","templated":true}]}}