{"id":4592,"date":"2023-10-30T21:59:16","date_gmt":"2023-10-31T00:59:16","guid":{"rendered":"https:\/\/graficaarejano.com.br\/site\/?post_type=product&#038;p=4592"},"modified":"2026-04-12T14:41:50","modified_gmt":"2026-04-12T17:41:50","slug":"adesivo-vinil-branco-m2","status":"publish","type":"product","link":"https:\/\/graficaarejano.com.br\/site\/produto\/adesivo-vinil-branco-m2\/","title":{"rendered":"Adesivo Vinil Branco &#8211; m\u00b2"},"content":{"rendered":"<p>Adesivos de vinil branco da <strong>Gr\u00e1fica Arejano<\/strong> s\u00e3o produzidos por impress\u00e3o em alta defini\u00e7\u00e3o, trazendo qualidade, durabilidade e um \u00f3timo custo-benef\u00edcio. Visando atender um mercado muito exigente, os <strong>Adesivos de Vinil Branco por M\u00b2<\/strong> s\u00e3o perfeitos para ampliar as possiblidades de trabalho e aproveitar o m\u00e1ximo de espa\u00e7o poss\u00edvel.<\/p>\n<h2 class=\"title-page\">Quais as caracter\u00edsticas do Adesivo?<\/h2>\n<div class=\"text-group\">\n<div>O\u00a0<b>Adesivo por metro quadrado<\/b>, \u00e9 ideal para personaliza\u00e7\u00e3o e aplica\u00e7\u00e3o em portas de vidro, madeira j\u00e1 pintada ou alum\u00ednio. Afinal sua <b>mat\u00e9ria-prima <\/b>adere super bem em superf\u00edcies lisas e a apar\u00eancia fosca evita reflexos ao receber luz. A\u00a0<b>impress\u00e3o \u00e9 4&#215;0<\/b>\u00a0\u2013 em que a parte da frente recebe impress\u00e3o colorida enquanto o verso \u00e9 destinado \u00e0 fixa\u00e7\u00e3o do adesivo,\u00a0<b>n\u00e3o precisando usar cola para ser colocado e evitando sujeira<\/b>. O espa\u00e7o para as ma\u00e7anetas e puxadores deve ser feito por voc\u00ea, durante a aplica\u00e7\u00e3o do material e a\u00a0<b>limpeza feita apenas com um pano umedecido com \u00e1gua<\/b>.<\/div>\n<\/div>\n","protected":false},"excerpt":{"rendered":"<p>Adesivos de vinil branco da Gr\u00e1fica Arejano s\u00e3o produzidos por impress\u00e3o em alta defini\u00e7\u00e3o, trazendo qualidade, durabilidade e um \u00f3timo custo-benef\u00edcio. Visando atender um mercado muito exigente, os Adesivos de Vinil Branco por M\u00b2 s\u00e3o perfeitos para ampliar as possiblidades de trabalho e aproveitar o m\u00e1ximo de espa\u00e7o poss\u00edvel. Quais as caracter\u00edsticas do Adesivo? O\u00a0Adesivo [&hellip;]<\/p>\n","protected":false},"featured_media":4591,"comment_status":"open","ping_status":"closed","template":"","meta":[],"product_brand":[],"product_cat":[876],"product_tag":[],"class_list":{"0":"post-4592","1":"product","2":"type-product","3":"status-publish","4":"has-post-thumbnail","6":"product_cat-adesivos-e-lonas-por-m","8":"first","9":"instock","10":"shipping-taxable","11":"purchasable","12":"product-type-simple"},"acf":[],"jetpack_sharing_enabled":true,"_links":{"self":[{"href":"https:\/\/graficaarejano.com.br\/site\/wp-json\/wp\/v2\/product\/4592","targetHints":{"allow":["GET"]}}],"collection":[{"href":"https:\/\/graficaarejano.com.br\/site\/wp-json\/wp\/v2\/product"}],"about":[{"href":"https:\/\/graficaarejano.com.br\/site\/wp-json\/wp\/v2\/types\/product"}],"replies":[{"embeddable":true,"href":"https:\/\/graficaarejano.com.br\/site\/wp-json\/wp\/v2\/comments?post=4592"}],"wp:featuredmedia":[{"embeddable":true,"href":"https:\/\/graficaarejano.com.br\/site\/wp-json\/wp\/v2\/media\/4591"}],"wp:attachment":[{"href":"https:\/\/graficaarejano.com.br\/site\/wp-json\/wp\/v2\/media?parent=4592"}],"wp:term":[{"taxonomy":"product_brand","embeddable":true,"href":"https:\/\/graficaarejano.com.br\/site\/wp-json\/wp\/v2\/product_brand?post=4592"},{"taxonomy":"product_cat","embeddable":true,"href":"https:\/\/graficaarejano.com.br\/site\/wp-json\/wp\/v2\/product_cat?post=4592"},{"taxonomy":"product_tag","embeddable":true,"href":"https:\/\/graficaarejano.com.br\/site\/wp-json\/wp\/v2\/product_tag?post=4592"}],"curies":[{"name":"wp","href":"https:\/\/api.w.org\/{rel}","templated":true}]}}