{"id":4860,"date":"2023-12-05T17:53:44","date_gmt":"2023-12-05T20:53:44","guid":{"rendered":"https:\/\/graficaarejano.com.br\/site\/?post_type=product&#038;p=4860"},"modified":"2026-02-11T15:18:09","modified_gmt":"2026-02-11T18:18:09","slug":"panfleto-destacavel","status":"publish","type":"product","link":"https:\/\/graficaarejano.com.br\/site\/produto\/panfleto-destacavel\/","title":{"rendered":"Panfleto Destac\u00e1vel"},"content":{"rendered":"<p>Seu cliente precisa de cupons de descontos para a loja dele, mas quer mais\u00a0<b>versatilidade e praticidade<\/b>? Ofere\u00e7a o <strong>panfleto destac\u00e1vel<\/strong>.<\/p>\n<p data-start=\"184\" data-end=\"495\">O <strong data-start=\"186\" data-end=\"209\">Panfleto Destac\u00e1vel<\/strong> \u00e9 uma solu\u00e7\u00e3o estrat\u00e9gica para quem deseja <strong data-start=\"253\" data-end=\"326\">divulgar servi\u00e7os, promo\u00e7\u00f5es ou contatos de forma pr\u00e1tica e eficiente<\/strong>. Produzido em <strong data-start=\"341\" data-end=\"363\">papel couch\u00ea fosco<\/strong>, oferece excelente qualidade de impress\u00e3o, cores bem definidas e acabamento profissional, garantindo \u00f3tima apresenta\u00e7\u00e3o ao p\u00fablico.<\/p>\n<p data-start=\"497\" data-end=\"733\">Seu grande diferencial est\u00e1 nos <strong data-start=\"529\" data-end=\"570\">espa\u00e7os destac\u00e1veis<\/strong>, que permitem que o cliente retire facilmente uma parte do material contendo informa\u00e7\u00f5es importantes.<\/p>\n<p data-start=\"735\" data-end=\"920\">Dispon\u00edvel em vers\u00f5es com <strong data-start=\"761\" data-end=\"796\">9, 15 ou 25 espa\u00e7os de destaque<\/strong>, o panfleto se adapta a diferentes estrat\u00e9gias de divulga\u00e7\u00e3o, oferecendo maior alcance e melhor aproveitamento do material.<\/p>\n","protected":false},"excerpt":{"rendered":"<p>Seu cliente precisa de cupons de descontos para a loja dele, mas quer mais\u00a0versatilidade e praticidade? Ofere\u00e7a o panfleto destac\u00e1vel. O Panfleto Destac\u00e1vel \u00e9 uma solu\u00e7\u00e3o estrat\u00e9gica para quem deseja divulgar servi\u00e7os, promo\u00e7\u00f5es ou contatos de forma pr\u00e1tica e eficiente. Produzido em papel couch\u00ea fosco, oferece excelente qualidade de impress\u00e3o, cores bem definidas e acabamento [&hellip;]<\/p>\n","protected":false},"featured_media":4879,"comment_status":"open","ping_status":"closed","template":"","meta":[],"product_brand":[],"product_cat":[649,894,157],"product_tag":[],"class_list":{"0":"post-4860","1":"product","2":"type-product","3":"status-publish","4":"has-post-thumbnail","6":"product_cat-fast-food","7":"product_cat-panfleto-destacavel","8":"product_cat-panfletos-folders","10":"first","11":"instock","12":"shipping-taxable","13":"purchasable","14":"product-type-variable","15":"has-default-attributes"},"acf":[],"_links":{"self":[{"href":"https:\/\/graficaarejano.com.br\/site\/wp-json\/wp\/v2\/product\/4860","targetHints":{"allow":["GET"]}}],"collection":[{"href":"https:\/\/graficaarejano.com.br\/site\/wp-json\/wp\/v2\/product"}],"about":[{"href":"https:\/\/graficaarejano.com.br\/site\/wp-json\/wp\/v2\/types\/product"}],"replies":[{"embeddable":true,"href":"https:\/\/graficaarejano.com.br\/site\/wp-json\/wp\/v2\/comments?post=4860"}],"wp:featuredmedia":[{"embeddable":true,"href":"https:\/\/graficaarejano.com.br\/site\/wp-json\/wp\/v2\/media\/4879"}],"wp:attachment":[{"href":"https:\/\/graficaarejano.com.br\/site\/wp-json\/wp\/v2\/media?parent=4860"}],"wp:term":[{"taxonomy":"product_brand","embeddable":true,"href":"https:\/\/graficaarejano.com.br\/site\/wp-json\/wp\/v2\/product_brand?post=4860"},{"taxonomy":"product_cat","embeddable":true,"href":"https:\/\/graficaarejano.com.br\/site\/wp-json\/wp\/v2\/product_cat?post=4860"},{"taxonomy":"product_tag","embeddable":true,"href":"https:\/\/graficaarejano.com.br\/site\/wp-json\/wp\/v2\/product_tag?post=4860"}],"curies":[{"name":"wp","href":"https:\/\/api.w.org\/{rel}","templated":true}]}}