{"id":5159,"date":"2023-12-18T14:37:20","date_gmt":"2023-12-18T17:37:20","guid":{"rendered":"https:\/\/graficaarejano.com.br\/site\/?post_type=product&#038;p=5159"},"modified":"2026-02-24T14:15:17","modified_gmt":"2026-02-24T17:15:17","slug":"filipeta-com-verniz","status":"publish","type":"product","link":"https:\/\/graficaarejano.com.br\/site\/produto\/filipeta-com-verniz\/","title":{"rendered":"Filipetas com Verniz"},"content":{"rendered":"<div class=\"text-group\">\n<p data-start=\"192\" data-end=\"463\">A <strong data-start=\"194\" data-end=\"226\">Filipeta com Verniz 10&#215;21 cm<\/strong> \u00e9 uma excelente ferramenta de divulga\u00e7\u00e3o para campanhas promocionais, eventos, lan\u00e7amentos e a\u00e7\u00f5es de marketing direto. Seu formato alongado proporciona \u00f3tima visibilidade e permite organizar informa\u00e7\u00f5es de forma estrat\u00e9gica e atrativa.<\/p>\n<p data-start=\"465\" data-end=\"629\">Produzida em papel couch\u00ea de alta qualidade, est\u00e1 dispon\u00edvel em diferentes gramaturas para atender desde campanhas de grande volume at\u00e9 materiais mais sofisticados:<\/p>\n<ul data-start=\"631\" data-end=\"1048\">\n<li data-start=\"631\" data-end=\"704\">\n<p data-start=\"633\" data-end=\"704\"><strong data-start=\"633\" data-end=\"647\">Couch\u00ea 90g<\/strong> \u2013 Ideal para grandes tiragens e distribui\u00e7\u00e3o em massa.<\/p>\n<\/li>\n<li data-start=\"705\" data-end=\"784\">\n<p data-start=\"707\" data-end=\"784\"><strong data-start=\"707\" data-end=\"722\">Couch\u00ea 120g<\/strong> \u2013 Mais encorpado, oferecendo melhor percep\u00e7\u00e3o de qualidade.<\/p>\n<\/li>\n<li data-start=\"785\" data-end=\"868\">\n<p data-start=\"787\" data-end=\"868\"><strong data-start=\"787\" data-end=\"802\">Couch\u00ea 150g<\/strong> \u2013 Papel mais firme e resistente, ideal para maior durabilidade.<\/p>\n<\/li>\n<li data-start=\"869\" data-end=\"1048\">\n<p data-start=\"871\" data-end=\"1048\"><strong data-start=\"871\" data-end=\"914\">Couch\u00ea Fosco 170g com Verniz Localizado<\/strong> \u2013 Vers\u00e3o premium, com acabamento elegante e aplica\u00e7\u00e3o estrat\u00e9gica de verniz para destacar logotipo, imagens ou chamadas promocionais.<\/p>\n<\/li>\n<\/ul>\n<p data-start=\"1050\" data-end=\"1171\">O verniz agrega brilho, valoriza as cores e aumenta o impacto visual, tornando a filipeta ainda mais atrativa ao p\u00fablico.<\/p>\n<\/div>\n","protected":false},"excerpt":{"rendered":"<p>A Filipeta com Verniz 10&#215;21 cm \u00e9 uma excelente ferramenta de divulga\u00e7\u00e3o para campanhas promocionais, eventos, lan\u00e7amentos e a\u00e7\u00f5es de marketing direto. Seu formato alongado proporciona \u00f3tima visibilidade e permite organizar informa\u00e7\u00f5es de forma estrat\u00e9gica e atrativa. Produzida em papel couch\u00ea de alta qualidade, est\u00e1 dispon\u00edvel em diferentes gramaturas para atender desde campanhas de grande [&hellip;]<\/p>\n","protected":false},"featured_media":5101,"comment_status":"open","ping_status":"closed","template":"","meta":[],"product_brand":[],"product_cat":[157,925],"product_tag":[],"class_list":{"0":"post-5159","1":"product","2":"type-product","3":"status-publish","4":"has-post-thumbnail","6":"product_cat-panfletos-folders","7":"product_cat-panfletos-c-verniz","9":"first","10":"instock","11":"shipping-taxable","12":"purchasable","13":"product-type-variable","14":"has-default-attributes"},"acf":[],"jetpack_sharing_enabled":true,"_links":{"self":[{"href":"https:\/\/graficaarejano.com.br\/site\/wp-json\/wp\/v2\/product\/5159","targetHints":{"allow":["GET"]}}],"collection":[{"href":"https:\/\/graficaarejano.com.br\/site\/wp-json\/wp\/v2\/product"}],"about":[{"href":"https:\/\/graficaarejano.com.br\/site\/wp-json\/wp\/v2\/types\/product"}],"replies":[{"embeddable":true,"href":"https:\/\/graficaarejano.com.br\/site\/wp-json\/wp\/v2\/comments?post=5159"}],"wp:featuredmedia":[{"embeddable":true,"href":"https:\/\/graficaarejano.com.br\/site\/wp-json\/wp\/v2\/media\/5101"}],"wp:attachment":[{"href":"https:\/\/graficaarejano.com.br\/site\/wp-json\/wp\/v2\/media?parent=5159"}],"wp:term":[{"taxonomy":"product_brand","embeddable":true,"href":"https:\/\/graficaarejano.com.br\/site\/wp-json\/wp\/v2\/product_brand?post=5159"},{"taxonomy":"product_cat","embeddable":true,"href":"https:\/\/graficaarejano.com.br\/site\/wp-json\/wp\/v2\/product_cat?post=5159"},{"taxonomy":"product_tag","embeddable":true,"href":"https:\/\/graficaarejano.com.br\/site\/wp-json\/wp\/v2\/product_tag?post=5159"}],"curies":[{"name":"wp","href":"https:\/\/api.w.org\/{rel}","templated":true}]}}