{"id":548,"date":"2021-10-07T17:33:46","date_gmt":"2021-10-07T20:33:46","guid":{"rendered":"https:\/\/graficaarejano.com.br\/site\/?post_type=product&#038;p=548"},"modified":"2026-02-18T12:15:51","modified_gmt":"2026-02-18T15:15:51","slug":"cartao-de-visita-papeis-especiais","status":"publish","type":"product","link":"https:\/\/graficaarejano.com.br\/site\/produto\/cartao-de-visita-papeis-especiais\/","title":{"rendered":"Cart\u00e3o de Visita Kraft 250g"},"content":{"rendered":"<p data-start=\"206\" data-end=\"513\">O <strong data-start=\"208\" data-end=\"242\">Cart\u00e3o de Visitas Kraft 9\u00d75 cm<\/strong> \u00e9 a escolha ideal para marcas que desejam transmitir autenticidade, naturalidade e personalidade. Produzido em <strong data-start=\"354\" data-end=\"374\">papel kraft 250g<\/strong>, possui excelente resist\u00eancia e um visual r\u00fastico sofisticado, que se destaca pela textura e tonalidade marrom caracter\u00edstica do material.<\/p>\n<p data-start=\"515\" data-end=\"678\">Com tamanho padr\u00e3o <strong data-start=\"534\" data-end=\"546\">9 \u00d7 5 cm<\/strong>, oferece espa\u00e7o suficiente para organizar informa\u00e7\u00f5es de forma clara e elegante, mantendo equil\u00edbrio entre design e funcionalidade.<\/p>\n<p data-start=\"680\" data-end=\"868\">O kraft \u00e9 amplamente associado a marcas sustent\u00e1veis, artesanais e criativas. Sua apar\u00eancia natural agrega valor \u00e0 identidade visual e cria uma conex\u00e3o mais pr\u00f3xima e humana com o cliente.<\/p>\n<p data-start=\"870\" data-end=\"1018\">Ideal para quem deseja fugir do tradicional branco, o cart\u00e3o kraft transmite originalidade, cuidado e aten\u00e7\u00e3o aos detalhes logo no primeiro contato.<\/p>\n","protected":false},"excerpt":{"rendered":"<p>O Cart\u00e3o de Visitas Kraft 9\u00d75 cm \u00e9 a escolha ideal para marcas que desejam transmitir autenticidade, naturalidade e personalidade. Produzido em papel kraft 250g, possui excelente resist\u00eancia e um visual r\u00fastico sofisticado, que se destaca pela textura e tonalidade marrom caracter\u00edstica do material. Com tamanho padr\u00e3o 9 \u00d7 5 cm, oferece espa\u00e7o suficiente para [&hellip;]<\/p>\n","protected":false},"featured_media":3843,"comment_status":"open","ping_status":"closed","template":"","meta":[],"product_brand":[],"product_cat":[53],"product_tag":[],"class_list":{"0":"post-548","1":"product","2":"type-product","3":"status-publish","4":"has-post-thumbnail","6":"product_cat-cartoes-de-visita","8":"first","9":"instock","10":"shipping-taxable","11":"purchasable","12":"product-type-variable","13":"has-default-attributes"},"acf":[],"jetpack_sharing_enabled":true,"_links":{"self":[{"href":"https:\/\/graficaarejano.com.br\/site\/wp-json\/wp\/v2\/product\/548","targetHints":{"allow":["GET"]}}],"collection":[{"href":"https:\/\/graficaarejano.com.br\/site\/wp-json\/wp\/v2\/product"}],"about":[{"href":"https:\/\/graficaarejano.com.br\/site\/wp-json\/wp\/v2\/types\/product"}],"replies":[{"embeddable":true,"href":"https:\/\/graficaarejano.com.br\/site\/wp-json\/wp\/v2\/comments?post=548"}],"wp:featuredmedia":[{"embeddable":true,"href":"https:\/\/graficaarejano.com.br\/site\/wp-json\/wp\/v2\/media\/3843"}],"wp:attachment":[{"href":"https:\/\/graficaarejano.com.br\/site\/wp-json\/wp\/v2\/media?parent=548"}],"wp:term":[{"taxonomy":"product_brand","embeddable":true,"href":"https:\/\/graficaarejano.com.br\/site\/wp-json\/wp\/v2\/product_brand?post=548"},{"taxonomy":"product_cat","embeddable":true,"href":"https:\/\/graficaarejano.com.br\/site\/wp-json\/wp\/v2\/product_cat?post=548"},{"taxonomy":"product_tag","embeddable":true,"href":"https:\/\/graficaarejano.com.br\/site\/wp-json\/wp\/v2\/product_tag?post=548"}],"curies":[{"name":"wp","href":"https:\/\/api.w.org\/{rel}","templated":true}]}}