{"id":5502,"date":"2023-12-26T17:40:19","date_gmt":"2023-12-26T20:40:19","guid":{"rendered":"https:\/\/graficaarejano.com.br\/site\/?post_type=product&#038;p=5502"},"modified":"2026-03-06T13:12:56","modified_gmt":"2026-03-06T16:12:56","slug":"cartazes-por-m%c2%b2","status":"publish","type":"product","link":"https:\/\/graficaarejano.com.br\/site\/produto\/cartazes-por-m%c2%b2\/","title":{"rendered":"Cartaz por m\u00b2"},"content":{"rendered":"<div class=\"text-group\">\n<div>Os\u00a0<b>Cartazes Personalizados<\/b>\u00a0s\u00e3o\u00a0<b>materiais publicit\u00e1rios<\/b>\u00a0muito encontrados em lugares com grande n\u00famero de circula\u00e7\u00e3o de pessoas, eles cont\u00eam frases\u00a0<b>que chamam a aten\u00e7\u00e3o do p\u00fablico-alvo<\/b>\u00a0e tem a fun\u00e7\u00e3o de divulgar marcas, produtos, servi\u00e7os, lan\u00e7amentos, eventos, comunicar um aviso e\u00a0<b>tamb\u00e9m podem ser usados como decora\u00e7\u00e3o.<\/b><\/div>\n<\/div>\n","protected":false},"excerpt":{"rendered":"<p>Os\u00a0Cartazes Personalizados\u00a0s\u00e3o\u00a0materiais publicit\u00e1rios\u00a0muito encontrados em lugares com grande n\u00famero de circula\u00e7\u00e3o de pessoas, eles cont\u00eam frases\u00a0que chamam a aten\u00e7\u00e3o do p\u00fablico-alvo\u00a0e tem a fun\u00e7\u00e3o de divulgar marcas, produtos, servi\u00e7os, lan\u00e7amentos, eventos, comunicar um aviso e\u00a0tamb\u00e9m podem ser usados como decora\u00e7\u00e3o.<\/p>\n","protected":false},"featured_media":5505,"comment_status":"open","ping_status":"closed","template":"","meta":[],"product_brand":[],"product_cat":[340],"product_tag":[],"class_list":{"0":"post-5502","1":"product","2":"type-product","3":"status-publish","4":"has-post-thumbnail","6":"product_cat-cartazes","8":"first","9":"instock","10":"shipping-taxable","11":"purchasable","12":"product-type-simple"},"acf":[],"jetpack_sharing_enabled":true,"_links":{"self":[{"href":"https:\/\/graficaarejano.com.br\/site\/wp-json\/wp\/v2\/product\/5502","targetHints":{"allow":["GET"]}}],"collection":[{"href":"https:\/\/graficaarejano.com.br\/site\/wp-json\/wp\/v2\/product"}],"about":[{"href":"https:\/\/graficaarejano.com.br\/site\/wp-json\/wp\/v2\/types\/product"}],"replies":[{"embeddable":true,"href":"https:\/\/graficaarejano.com.br\/site\/wp-json\/wp\/v2\/comments?post=5502"}],"wp:featuredmedia":[{"embeddable":true,"href":"https:\/\/graficaarejano.com.br\/site\/wp-json\/wp\/v2\/media\/5505"}],"wp:attachment":[{"href":"https:\/\/graficaarejano.com.br\/site\/wp-json\/wp\/v2\/media?parent=5502"}],"wp:term":[{"taxonomy":"product_brand","embeddable":true,"href":"https:\/\/graficaarejano.com.br\/site\/wp-json\/wp\/v2\/product_brand?post=5502"},{"taxonomy":"product_cat","embeddable":true,"href":"https:\/\/graficaarejano.com.br\/site\/wp-json\/wp\/v2\/product_cat?post=5502"},{"taxonomy":"product_tag","embeddable":true,"href":"https:\/\/graficaarejano.com.br\/site\/wp-json\/wp\/v2\/product_tag?post=5502"}],"curies":[{"name":"wp","href":"https:\/\/api.w.org\/{rel}","templated":true}]}}