{"id":5747,"date":"2024-01-15T16:35:28","date_gmt":"2024-01-15T19:35:28","guid":{"rendered":"https:\/\/graficaarejano.com.br\/site\/?post_type=product&#038;p=5747"},"modified":"2026-04-27T21:25:31","modified_gmt":"2026-04-28T00:25:31","slug":"impressoes-digitais-a4-papeis-simples","status":"publish","type":"product","link":"https:\/\/graficaarejano.com.br\/site\/produto\/impressoes-digitais-a4-papeis-simples\/","title":{"rendered":"Impress\u00f5es Digitais A4 &#8211; Pap\u00e9is Simples"},"content":{"rendered":"<p data-start=\"278\" data-end=\"436\">As <strong data-start=\"281\" data-end=\"325\">Impress\u00f5es Digitais A4 em Pap\u00e9is Simples<\/strong> s\u00e3o ideais para quem precisa de qualidade, agilidade e excelente custo-benef\u00edcio para documentos do dia a dia.<\/p>\n<p data-start=\"438\" data-end=\"659\">Dispon\u00edveis em <strong data-start=\"453\" data-end=\"467\">Offset 90g<\/strong> (papel branco tradicional) e <strong data-start=\"497\" data-end=\"514\">Reciclato 90g<\/strong> (papel com tonalidade natural e apelo sustent\u00e1vel), essas impress\u00f5es atendem desde demandas corporativas at\u00e9 materiais escolares e informativos.<\/p>\n<p data-start=\"661\" data-end=\"822\">O papel <strong data-start=\"669\" data-end=\"683\">Offset 90g<\/strong> oferece \u00f3tima absor\u00e7\u00e3o de tinta, excelente defini\u00e7\u00e3o e visual limpo, sendo ideal para documentos formais, relat\u00f3rios e materiais internos.<\/p>\n<p data-start=\"824\" data-end=\"996\">J\u00e1 o <strong data-start=\"829\" data-end=\"846\">Reciclato 90g<\/strong> possui apar\u00eancia levemente amadeirada, transmitindo responsabilidade ambiental e sofistica\u00e7\u00e3o, perfeito para empresas que valorizam sustentabilidade.<\/p>\n<p data-start=\"998\" data-end=\"1110\">Ambas as op\u00e7\u00f5es garantem impress\u00e3o n\u00edtida, cores equilibradas e \u00f3timo desempenho para textos e gr\u00e1ficos simples.<\/p>\n<p>*Lembre-se de que produziremos suas impress\u00f5es digitais exatamente igual \u00e0 arte enviada, independente do tamanho e se sua imagem est\u00e1 ajustada, ou n\u00e3o, no tamanho total do gabarito. A menos que voc\u00ea selecione algum acabamento dispon\u00edvel, ser\u00e1 produzido exatamente conforme o enviado.<\/p>\n","protected":false},"excerpt":{"rendered":"<p>As Impress\u00f5es Digitais A4 em Pap\u00e9is Simples s\u00e3o ideais para quem precisa de qualidade, agilidade e excelente custo-benef\u00edcio para documentos do dia a dia. Dispon\u00edveis em Offset 90g (papel branco tradicional) e Reciclato 90g (papel com tonalidade natural e apelo sustent\u00e1vel), essas impress\u00f5es atendem desde demandas corporativas at\u00e9 materiais escolares e informativos. O papel Offset [&hellip;]<\/p>\n","protected":false},"featured_media":5752,"comment_status":"open","ping_status":"closed","template":"","meta":[],"product_brand":[],"product_cat":[623],"product_tag":[],"class_list":{"0":"post-5747","1":"product","2":"type-product","3":"status-publish","4":"has-post-thumbnail","6":"product_cat-impressoes-digitais","8":"first","9":"instock","10":"shipping-taxable","11":"purchasable","12":"product-type-variable","13":"has-default-attributes"},"acf":[],"jetpack_sharing_enabled":true,"_links":{"self":[{"href":"https:\/\/graficaarejano.com.br\/site\/wp-json\/wp\/v2\/product\/5747","targetHints":{"allow":["GET"]}}],"collection":[{"href":"https:\/\/graficaarejano.com.br\/site\/wp-json\/wp\/v2\/product"}],"about":[{"href":"https:\/\/graficaarejano.com.br\/site\/wp-json\/wp\/v2\/types\/product"}],"replies":[{"embeddable":true,"href":"https:\/\/graficaarejano.com.br\/site\/wp-json\/wp\/v2\/comments?post=5747"}],"wp:featuredmedia":[{"embeddable":true,"href":"https:\/\/graficaarejano.com.br\/site\/wp-json\/wp\/v2\/media\/5752"}],"wp:attachment":[{"href":"https:\/\/graficaarejano.com.br\/site\/wp-json\/wp\/v2\/media?parent=5747"}],"wp:term":[{"taxonomy":"product_brand","embeddable":true,"href":"https:\/\/graficaarejano.com.br\/site\/wp-json\/wp\/v2\/product_brand?post=5747"},{"taxonomy":"product_cat","embeddable":true,"href":"https:\/\/graficaarejano.com.br\/site\/wp-json\/wp\/v2\/product_cat?post=5747"},{"taxonomy":"product_tag","embeddable":true,"href":"https:\/\/graficaarejano.com.br\/site\/wp-json\/wp\/v2\/product_tag?post=5747"}],"curies":[{"name":"wp","href":"https:\/\/api.w.org\/{rel}","templated":true}]}}