{"id":6240,"date":"2024-04-04T18:37:51","date_gmt":"2024-04-04T21:37:51","guid":{"rendered":"https:\/\/graficaarejano.com.br\/site\/?post_type=product&#038;p=6240"},"modified":"2026-03-05T15:20:42","modified_gmt":"2026-03-05T18:20:42","slug":"tabuleiro-personalizado-com-a-sua-arte","status":"publish","type":"product","link":"https:\/\/graficaarejano.com.br\/site\/produto\/tabuleiro-personalizado-com-a-sua-arte\/","title":{"rendered":"Tabuleiro Personalizado com a SUA ARTE"},"content":{"rendered":"<p><em><strong>ATEN\u00c7\u00c3O<\/strong><\/em><\/p>\n<p>=&gt; As Fotos <em>s<\/em>ervem \u00a0para se ter uma ideia das dimens\u00f5es, do material do seu pedido e do resultado final ap\u00f3s finalizado;<br \/>\n=&gt; Se voc\u00ea optar em enviar sua pr\u00f3pria arte e n\u00e3o contratar um servi\u00e7o de cria\u00e7\u00e3o (tela anterior \u00e0 configura\u00e7\u00e3o do produto) ou uma checagem profissional (solicitado na hora do envio do arquivo), apenas certifique-se de alguns pontos importantes, do seu arquivo, para evitar contratempos com a produ\u00e7\u00e3o do seu material:<\/p>\n<p><em><strong>S\u00e3o eles:<\/strong><\/em><\/p>\n<ul>\n<li>Possuir uma qualidade m\u00ednima aceit\u00e1vel. A qualidade ruim do arquivo pode influenciar na qualidade final do seu pedido;<\/li>\n<li>Estar nas medidas corretas desejadas, pois vamos produzir conforme o arquivo enviado e n\u00e3o podemos nos responsabilizar pelo arquivo do cliente. O material ser\u00e1 feito no tamanho do arquivo enviado;<\/li>\n<li>Enviar seu arquivo, preferencialmente, em JPG, PNG, PDF ou CorelDraw. (Caso seja enviado em Corel ou algum outro programa de vetoriza\u00e7\u00e3o, se certifique que as convers\u00f5es foram feitas corretamente pra que n\u00e3o tenha surpresas negativas no produto final).<br \/>\n<strong><em>&#8211; S\u00e3o elas: Fontes convertidas em curvas, cores em CMYK, imagens, efeitos de lente e sombras convertidos em Bitmap com qualidade m\u00ednima de 300dpi&#8217;s.<\/em><\/strong><\/li>\n<li>Textos revisados (N\u00e3o fazemos revis\u00e3o de textos).<\/li>\n<li>Fa\u00e7a o download do gabarito pra tirar suas d\u00favidas.<\/li>\n<\/ul>\n<p><em><strong>IMPORTANTE<\/strong><\/em><\/p>\n<p>As medidas do an\u00fancio se refere ao tamanho m\u00e1ximo produzido. Caso voc\u00ea queira um material com medidas um pouco menores do que as medidas informadas no an\u00fancio, n\u00e3o tem problema, basta efetuar sua compra, mandar o arquivo corretamente e refor\u00e7ar pelas observa\u00e7\u00f5es do pedido, que ser\u00e1 produzido no tamanho da arte enviada.<\/p>\n<p>______________________________________________<\/p>\n<p>Prazo de Produ\u00e7\u00e3o 7 dias \u00fateis + tempo de cria\u00e7\u00e3o, se houver.<br \/>\n______________________________________________<\/p>\n<p>Compre com uma empresa Mercado L\u00edder e pioneira na produ\u00e7\u00e3o de Tabuleiros. N\u00e3o aceite imita\u00e7\u00f5es!<\/p>\n<p>&#8211; Primeiramente, Parab\u00e9ns por ter chegado at\u00e9 aqui!<br \/>\nIsso significa que voc\u00ea precisa de um tabuleiro de xadrez digno de um campe\u00e3o e produzido nos padr\u00f5es oficiais, portanto, nosso tabuleiro \u00e9 o certo para voc\u00ea!<\/p>\n<p>&#8211; Al\u00e9m disso, somos uma empresa L\u00edder, honesta com nossas transa\u00e7\u00f5es, que conhece o esporte do xadrez e sabemos o que \u00e9 melhor para voc\u00ea.<\/p>\n<p>&#8211; Compre conosco, n\u00e3o tenha transtornos e receba seu pedido com toda a seguran\u00e7a.<a href=\"https:\/\/graficaarejano.com.br\/site\/wp-admin\/post.php?post=6240&amp;action=edit#\" data-choose=\"Adicionar imagens \u00e0 galeria do produto\" data-update=\"Adicionar na galeria\" data-delete=\"Apagar imagem\" data-text=\"Excluir\">Adicionar galeria de imagens do produto<\/a><\/p>\n<p>Nossos tabuleiros de xadrez s\u00e3o confeccionados nos mais altos padr\u00f5es do mercado.<\/p>\n<p>Aguardamos sua compra!<\/p>\n<p>\ud83d\ude42<\/p>\n","protected":false},"excerpt":{"rendered":"<p>ATEN\u00c7\u00c3O =&gt; As Fotos servem \u00a0para se ter uma ideia das dimens\u00f5es, do material do seu pedido e do resultado final ap\u00f3s finalizado; =&gt; Se voc\u00ea optar em enviar sua pr\u00f3pria arte e n\u00e3o contratar um servi\u00e7o de cria\u00e7\u00e3o (tela anterior \u00e0 configura\u00e7\u00e3o do produto) ou uma checagem profissional (solicitado na hora do envio do [&hellip;]<\/p>\n","protected":false},"featured_media":10327,"comment_status":"open","ping_status":"closed","template":"","meta":[],"product_brand":[],"product_cat":[802],"product_tag":[],"class_list":{"0":"post-6240","1":"product","2":"type-product","3":"status-publish","4":"has-post-thumbnail","6":"product_cat-xadrez-damas","8":"first","9":"instock","10":"shipping-taxable","11":"purchasable","12":"product-type-variable"},"acf":[],"jetpack_sharing_enabled":true,"_links":{"self":[{"href":"https:\/\/graficaarejano.com.br\/site\/wp-json\/wp\/v2\/product\/6240","targetHints":{"allow":["GET"]}}],"collection":[{"href":"https:\/\/graficaarejano.com.br\/site\/wp-json\/wp\/v2\/product"}],"about":[{"href":"https:\/\/graficaarejano.com.br\/site\/wp-json\/wp\/v2\/types\/product"}],"replies":[{"embeddable":true,"href":"https:\/\/graficaarejano.com.br\/site\/wp-json\/wp\/v2\/comments?post=6240"}],"wp:featuredmedia":[{"embeddable":true,"href":"https:\/\/graficaarejano.com.br\/site\/wp-json\/wp\/v2\/media\/10327"}],"wp:attachment":[{"href":"https:\/\/graficaarejano.com.br\/site\/wp-json\/wp\/v2\/media?parent=6240"}],"wp:term":[{"taxonomy":"product_brand","embeddable":true,"href":"https:\/\/graficaarejano.com.br\/site\/wp-json\/wp\/v2\/product_brand?post=6240"},{"taxonomy":"product_cat","embeddable":true,"href":"https:\/\/graficaarejano.com.br\/site\/wp-json\/wp\/v2\/product_cat?post=6240"},{"taxonomy":"product_tag","embeddable":true,"href":"https:\/\/graficaarejano.com.br\/site\/wp-json\/wp\/v2\/product_tag?post=6240"}],"curies":[{"name":"wp","href":"https:\/\/api.w.org\/{rel}","templated":true}]}}