{"id":6353,"date":"2024-04-17T11:18:20","date_gmt":"2024-04-17T14:18:20","guid":{"rendered":"https:\/\/graficaarejano.com.br\/site\/?post_type=product&#038;p=6353"},"modified":"2026-02-25T10:21:44","modified_gmt":"2026-02-25T13:21:44","slug":"crachas-arte-unica","status":"publish","type":"product","link":"https:\/\/graficaarejano.com.br\/site\/produto\/crachas-arte-unica\/","title":{"rendered":"Crach\u00e1s &#8211; Arte \u00danica"},"content":{"rendered":"<p class=\"\" data-start=\"236\" data-end=\"646\">Os <strong data-start=\"239\" data-end=\"264\">crach\u00e1s de arte \u00fanica<\/strong> da <strong data-start=\"268\" data-end=\"287\">Gr\u00e1fica Arejano<\/strong> s\u00e3o a solu\u00e7\u00e3o perfeita para <strong data-start=\"316\" data-end=\"388\">identifica\u00e7\u00e3o profissional, com acabamento premium e produ\u00e7\u00e3o r\u00e1pida<\/strong>. Eles s\u00e3o chamados de \u201carte \u00fanica\u201d porque todos os crach\u00e1s de um pedido t\u00eam a <strong data-start=\"467\" data-end=\"488\">mesma arte visual<\/strong>, mudando apenas o nome, cargo ou foto (se necess\u00e1rio), o que garante <strong data-start=\"558\" data-end=\"598\">uniformidade e \u00f3timo custo-benef\u00edcio<\/strong> para empresas, eventos, escolas e organiza\u00e7\u00f5es.<\/p>\n<p class=\"\" data-start=\"648\" data-end=\"1036\">Produzidos com <strong data-start=\"663\" data-end=\"702\">impress\u00e3o digital de alta defini\u00e7\u00e3o<\/strong>, os crach\u00e1s podem ser confeccionados em materiais como <strong data-start=\"758\" data-end=\"790\">papel cart\u00e3o laminado ou PVC<\/strong>, oferecendo <strong data-start=\"803\" data-end=\"886\">alta resist\u00eancia ao uso di\u00e1rio, excelente fixa\u00e7\u00e3o de cores e \u00f3tima durabilidade<\/strong>. A impress\u00e3o permite a inclus\u00e3o de <strong data-start=\"922\" data-end=\"1000\">logotipo, nome, cargo, QR Codes, c\u00f3digos de barras ou dados personalizados<\/strong>, conforme a necessidade do cliente.<\/p>\n<p class=\"\" data-start=\"1038\" data-end=\"1352\">Os crach\u00e1s podem ser entregues <strong data-start=\"1069\" data-end=\"1088\">com ou sem furo<\/strong>, prontos para serem utilizados com <strong data-start=\"1124\" data-end=\"1165\">cord\u00f5es, clips jacar\u00e9 ou roller clips<\/strong>, aumentando a praticidade no uso. \u00c9 o produto ideal para <strong data-start=\"1223\" data-end=\"1352\">empresas que buscam padronizar a identifica\u00e7\u00e3o de suas equipes com uma apresenta\u00e7\u00e3o profissional, r\u00e1pida e de alta qualidade.<\/strong><\/p>\n","protected":false},"excerpt":{"rendered":"<p>Os crach\u00e1s de arte \u00fanica da Gr\u00e1fica Arejano s\u00e3o a solu\u00e7\u00e3o perfeita para identifica\u00e7\u00e3o profissional, com acabamento premium e produ\u00e7\u00e3o r\u00e1pida. Eles s\u00e3o chamados de \u201carte \u00fanica\u201d porque todos os crach\u00e1s de um pedido t\u00eam a mesma arte visual, mudando apenas o nome, cargo ou foto (se necess\u00e1rio), o que garante uniformidade e \u00f3timo custo-benef\u00edcio [&hellip;]<\/p>\n","protected":false},"featured_media":8610,"comment_status":"open","ping_status":"closed","template":"","meta":[],"product_brand":[],"product_cat":[165],"product_tag":[],"class_list":{"0":"post-6353","1":"product","2":"type-product","3":"status-publish","4":"has-post-thumbnail","6":"product_cat-crachas","8":"first","9":"instock","10":"shipping-taxable","11":"purchasable","12":"product-type-variable","13":"has-default-attributes"},"acf":[],"jetpack_sharing_enabled":true,"_links":{"self":[{"href":"https:\/\/graficaarejano.com.br\/site\/wp-json\/wp\/v2\/product\/6353","targetHints":{"allow":["GET"]}}],"collection":[{"href":"https:\/\/graficaarejano.com.br\/site\/wp-json\/wp\/v2\/product"}],"about":[{"href":"https:\/\/graficaarejano.com.br\/site\/wp-json\/wp\/v2\/types\/product"}],"replies":[{"embeddable":true,"href":"https:\/\/graficaarejano.com.br\/site\/wp-json\/wp\/v2\/comments?post=6353"}],"wp:featuredmedia":[{"embeddable":true,"href":"https:\/\/graficaarejano.com.br\/site\/wp-json\/wp\/v2\/media\/8610"}],"wp:attachment":[{"href":"https:\/\/graficaarejano.com.br\/site\/wp-json\/wp\/v2\/media?parent=6353"}],"wp:term":[{"taxonomy":"product_brand","embeddable":true,"href":"https:\/\/graficaarejano.com.br\/site\/wp-json\/wp\/v2\/product_brand?post=6353"},{"taxonomy":"product_cat","embeddable":true,"href":"https:\/\/graficaarejano.com.br\/site\/wp-json\/wp\/v2\/product_cat?post=6353"},{"taxonomy":"product_tag","embeddable":true,"href":"https:\/\/graficaarejano.com.br\/site\/wp-json\/wp\/v2\/product_tag?post=6353"}],"curies":[{"name":"wp","href":"https:\/\/api.w.org\/{rel}","templated":true}]}}