{"id":6438,"date":"2024-05-07T18:00:49","date_gmt":"2024-05-07T21:00:49","guid":{"rendered":"https:\/\/graficaarejano.com.br\/site\/?post_type=product&#038;p=6438"},"modified":"2026-04-25T10:18:50","modified_gmt":"2026-04-25T13:18:50","slug":"german-staunton-modelo-oficial","status":"publish","type":"product","link":"https:\/\/graficaarejano.com.br\/site\/produto\/german-staunton-modelo-oficial\/","title":{"rendered":"German Staunton &#8211; Modelo Oficial FIDE"},"content":{"rendered":"<p>Quando o bom gosto encontra o padr\u00e3o oficial.<\/p>\n<p>Este \u00e9 o <strong data-start=\"447\" data-end=\"466\">German Staunton, <\/strong>o mais famoso jogo de xadrez do Mundo, usado nos principais campeonatos mundiais, agora fabricado em pl\u00e1stico acr\u00edlico de alto brilho e resist\u00eancia, homologado pela <strong data-start=\"541\" data-end=\"549\">FIDE<\/strong> e escolhido por quem entende que xadrez tamb\u00e9m \u00e9 est\u00e9tica, presen\u00e7a e respeito ao jogo. Acabamento fino; <strong>34<\/strong> pe\u00e7as (<strong>2<\/strong> Damas extras) com peso interno e feltro na base; Textura (pintura) <em><strong>Wood Varnish<\/strong><\/em>.<\/p>\n<p>A vantagem da constru\u00e7\u00e3o em acr\u00edlico de alto impacto, sobre as pe\u00e7as de madeira, \u00e9 que essas \u00faltimas n\u00e3o possuem bons detalhes de carpintaria, muitas vezes sendo grosseiros e inconvenientemente not\u00e1veis os defeitos de fabrica\u00e7\u00e3o.<br \/>\nNo entanto o acr\u00edlico apresenta um jogo 100% perfeito, sim\u00e9trico, elegante para o estudante s\u00e9rio da arte do xadrez, impressionantemente bonito, mesmo para quem quer apenas jogar e se divertir com outros amantes do esporte mais intelectual do mundo.<\/p>\n<p><strong>DIMENS\u00d5ES E QUANTIDADES<\/strong><\/p>\n<p><strong>2 &#8211; REIS:<\/strong> 9,6cm (ALT) x 3,6cm (BASE)<br \/>\n<strong>4 &#8211; DAMAS:<\/strong> (2 EXTRAS): 8cm (ALT) x 3,6cm (BASE)<br \/>\n<strong>4 &#8211; BISPOS:<\/strong> 7,3cm (ALT) x 3,3cm (BASE)<br \/>\n<strong>4 &#8211; CAVALOS:<\/strong> 7,1cm (ALT) x 3,3cm (BASE)<br \/>\n<strong>4 &#8211; TORRES:<\/strong> 5,6cm (ALT) x 3,3cm (BASE)<br \/>\n<strong>16 &#8211; PE\u00d5ES:<\/strong> 4,8cm x 2,7cm (BASE)<\/p>\n<p><strong>TAMANHO E PESO OFICIAIS DA F.I.D.E.<\/strong> (F\u00c9D\u00c9RATION INTERNATIONALE DES \u00c9CHECS).<\/p>\n<p><strong>ATEN\u00c7\u00c3O:<\/strong> N\u00e3o acompanha tabuleiro.<\/p>\n","protected":false},"excerpt":{"rendered":"<p><img loading=\"lazy\" decoding=\"async\" class=\"alignnone wp-image-6448\" src=\"https:\/\/graficaarejano.com.br\/site\/wp-content\/uploads\/DAMAS-EXTRAS-300x258.jpg\" alt=\"\" width=\"210\" height=\"181\" srcset=\"https:\/\/graficaarejano.com.br\/site\/wp-content\/uploads\/DAMAS-EXTRAS-300x258.jpg 300w, https:\/\/graficaarejano.com.br\/site\/wp-content\/uploads\/DAMAS-EXTRAS-768x661.jpg 768w, https:\/\/graficaarejano.com.br\/site\/wp-content\/uploads\/DAMAS-EXTRAS-24x21.jpg 24w, https:\/\/graficaarejano.com.br\/site\/wp-content\/uploads\/DAMAS-EXTRAS-36x31.jpg 36w, https:\/\/graficaarejano.com.br\/site\/wp-content\/uploads\/DAMAS-EXTRAS-48x41.jpg 48w, https:\/\/graficaarejano.com.br\/site\/wp-content\/uploads\/DAMAS-EXTRAS-600x517.jpg 600w, https:\/\/graficaarejano.com.br\/site\/wp-content\/uploads\/DAMAS-EXTRAS.jpg 929w\" sizes=\"auto, (max-width: 210px) 100vw, 210px\" \/><br \/>\nEfetue sua compra e produziremos um jogo, com nossa f\u00e1brica, exclusivamente pra voc\u00ea!<br \/>\n<strong>jogo confeccionado nos tamanhos e pesos oficiais da F.I.D.E.<\/strong><\/p>\n","protected":false},"featured_media":6977,"comment_status":"open","ping_status":"closed","template":"","meta":[],"product_brand":[],"product_cat":[802],"product_tag":[],"class_list":{"0":"post-6438","1":"product","2":"type-product","3":"status-publish","4":"has-post-thumbnail","6":"product_cat-xadrez-damas","7":"product_shipping_class-frete-gratis","9":"first","10":"instock","11":"shipping-taxable","12":"purchasable","13":"product-type-variable"},"acf":[],"jetpack_sharing_enabled":true,"_links":{"self":[{"href":"https:\/\/graficaarejano.com.br\/site\/wp-json\/wp\/v2\/product\/6438","targetHints":{"allow":["GET"]}}],"collection":[{"href":"https:\/\/graficaarejano.com.br\/site\/wp-json\/wp\/v2\/product"}],"about":[{"href":"https:\/\/graficaarejano.com.br\/site\/wp-json\/wp\/v2\/types\/product"}],"replies":[{"embeddable":true,"href":"https:\/\/graficaarejano.com.br\/site\/wp-json\/wp\/v2\/comments?post=6438"}],"wp:featuredmedia":[{"embeddable":true,"href":"https:\/\/graficaarejano.com.br\/site\/wp-json\/wp\/v2\/media\/6977"}],"wp:attachment":[{"href":"https:\/\/graficaarejano.com.br\/site\/wp-json\/wp\/v2\/media?parent=6438"}],"wp:term":[{"taxonomy":"product_brand","embeddable":true,"href":"https:\/\/graficaarejano.com.br\/site\/wp-json\/wp\/v2\/product_brand?post=6438"},{"taxonomy":"product_cat","embeddable":true,"href":"https:\/\/graficaarejano.com.br\/site\/wp-json\/wp\/v2\/product_cat?post=6438"},{"taxonomy":"product_tag","embeddable":true,"href":"https:\/\/graficaarejano.com.br\/site\/wp-json\/wp\/v2\/product_tag?post=6438"}],"curies":[{"name":"wp","href":"https:\/\/api.w.org\/{rel}","templated":true}]}}