{"id":6696,"date":"2024-06-17T21:48:42","date_gmt":"2024-06-18T00:48:42","guid":{"rendered":"https:\/\/graficaarejano.com.br\/site\/?post_type=product&#038;p=6696"},"modified":"2026-03-09T12:31:02","modified_gmt":"2026-03-09T15:31:02","slug":"material-de-portao","status":"publish","type":"product","link":"https:\/\/graficaarejano.com.br\/site\/produto\/material-de-portao\/","title":{"rendered":"Material de Port\u00e3o"},"content":{"rendered":"<p data-start=\"239\" data-end=\"480\">O <strong data-start=\"241\" data-end=\"272\">Material Pol\u00edtico de Port\u00e3o<\/strong> \u00e9 um dos itens mais tradicionais e eficientes em campanhas eleitorais. Ele permite que apoiadores do candidato exibam publicamente seu apoio, ajudando a ampliar a visibilidade da campanha nas ruas e bairros.<\/p>\n<p data-start=\"482\" data-end=\"691\">Instalado em <strong data-start=\"495\" data-end=\"531\">port\u00f5es, grades, muros ou cercas<\/strong>, esse material transforma a resid\u00eancia ou estabelecimento do eleitor em um ponto de divulga\u00e7\u00e3o da campanha, fortalecendo a presen\u00e7a do candidato na comunidade.<\/p>\n<p data-start=\"693\" data-end=\"879\">Al\u00e9m de aumentar o alcance da comunica\u00e7\u00e3o pol\u00edtica, o material de port\u00e3o tamb\u00e9m transmite uma sensa\u00e7\u00e3o de confian\u00e7a e apoio popular, influenciando outros eleitores que passam pelo local.<\/p>\n<p data-start=\"881\" data-end=\"1061\">Com impress\u00e3o de alta qualidade e layout personalizado com <strong data-start=\"940\" data-end=\"995\">nome, n\u00famero, cargo e identidade visual da campanha<\/strong>, ele se torna uma ferramenta importante de comunica\u00e7\u00e3o eleitoral.<\/p>\n","protected":false},"excerpt":{"rendered":"<p>O Material Pol\u00edtico de Port\u00e3o \u00e9 um dos itens mais tradicionais e eficientes em campanhas eleitorais. Ele permite que apoiadores do candidato exibam publicamente seu apoio, ajudando a ampliar a visibilidade da campanha nas ruas e bairros. Instalado em port\u00f5es, grades, muros ou cercas, esse material transforma a resid\u00eancia ou estabelecimento do eleitor em um [&hellip;]<\/p>\n","protected":false},"featured_media":6697,"comment_status":"open","ping_status":"closed","template":"","meta":[],"product_brand":[],"product_cat":[1015],"product_tag":[],"class_list":{"0":"post-6696","1":"product","2":"type-product","3":"status-publish","4":"has-post-thumbnail","6":"product_cat-eleicoes-2026","8":"first","9":"instock","10":"shipping-taxable","11":"purchasable","12":"product-type-variable"},"acf":[],"jetpack_sharing_enabled":true,"_links":{"self":[{"href":"https:\/\/graficaarejano.com.br\/site\/wp-json\/wp\/v2\/product\/6696","targetHints":{"allow":["GET"]}}],"collection":[{"href":"https:\/\/graficaarejano.com.br\/site\/wp-json\/wp\/v2\/product"}],"about":[{"href":"https:\/\/graficaarejano.com.br\/site\/wp-json\/wp\/v2\/types\/product"}],"replies":[{"embeddable":true,"href":"https:\/\/graficaarejano.com.br\/site\/wp-json\/wp\/v2\/comments?post=6696"}],"wp:featuredmedia":[{"embeddable":true,"href":"https:\/\/graficaarejano.com.br\/site\/wp-json\/wp\/v2\/media\/6697"}],"wp:attachment":[{"href":"https:\/\/graficaarejano.com.br\/site\/wp-json\/wp\/v2\/media?parent=6696"}],"wp:term":[{"taxonomy":"product_brand","embeddable":true,"href":"https:\/\/graficaarejano.com.br\/site\/wp-json\/wp\/v2\/product_brand?post=6696"},{"taxonomy":"product_cat","embeddable":true,"href":"https:\/\/graficaarejano.com.br\/site\/wp-json\/wp\/v2\/product_cat?post=6696"},{"taxonomy":"product_tag","embeddable":true,"href":"https:\/\/graficaarejano.com.br\/site\/wp-json\/wp\/v2\/product_tag?post=6696"}],"curies":[{"name":"wp","href":"https:\/\/api.w.org\/{rel}","templated":true}]}}