{"id":6721,"date":"2024-06-19T20:51:16","date_gmt":"2024-06-19T23:51:16","guid":{"rendered":"https:\/\/graficaarejano.com.br\/site\/?post_type=product&#038;p=6721"},"modified":"2026-03-09T10:47:07","modified_gmt":"2026-03-09T13:47:07","slug":"colinhas-6x9-cm","status":"publish","type":"product","link":"https:\/\/graficaarejano.com.br\/site\/produto\/colinhas-6x9-cm\/","title":{"rendered":"Colinhas 6&#215;9 cm"},"content":{"rendered":"<p data-start=\"248\" data-end=\"456\">As <strong data-start=\"251\" data-end=\"280\">Colinhas Pol\u00edticas 6&#215;9 cm<\/strong> s\u00e3o materiais gr\u00e1ficos compactos e extremamente \u00fateis durante campanhas eleitorais. Elas ajudam eleitores a lembrar facilmente o <strong data-start=\"410\" data-end=\"433\">n\u00famero do candidato<\/strong> no momento da vota\u00e7\u00e3o.<\/p>\n<p data-start=\"458\" data-end=\"724\">Com formato pequeno e pr\u00e1tico, esse material pode ser distribu\u00eddo em a\u00e7\u00f5es de campanha, visitas, eventos ou entregas diretas aos eleitores. Por ser f\u00e1cil de guardar no bolso, carteira ou celular, a colinha pol\u00edtica funciona como um lembrete r\u00e1pido no dia da elei\u00e7\u00e3o.<\/p>\n<p data-start=\"726\" data-end=\"927\">O tamanho <strong data-start=\"736\" data-end=\"746\">6&#215;9 cm<\/strong> oferece espa\u00e7o suficiente para incluir o <strong data-start=\"788\" data-end=\"875\">nome do candidato, n\u00famero, cargo disputado, partido e identidade visual da campanha<\/strong>, garantindo boa legibilidade e f\u00e1cil identifica\u00e7\u00e3o.<\/p>\n<p data-start=\"929\" data-end=\"1104\">Esse tipo de material \u00e9 amplamente utilizado em campanhas eleitorais justamente por sua efici\u00eancia em refor\u00e7ar a mem\u00f3ria do eleitor no momento mais importante: a hora do voto.<\/p>\n","protected":false},"excerpt":{"rendered":"<p>As Colinhas Pol\u00edticas 6&#215;9 cm s\u00e3o materiais gr\u00e1ficos compactos e extremamente \u00fateis durante campanhas eleitorais. Elas ajudam eleitores a lembrar facilmente o n\u00famero do candidato no momento da vota\u00e7\u00e3o. Com formato pequeno e pr\u00e1tico, esse material pode ser distribu\u00eddo em a\u00e7\u00f5es de campanha, visitas, eventos ou entregas diretas aos eleitores. Por ser f\u00e1cil de guardar [&hellip;]<\/p>\n","protected":false},"featured_media":6668,"comment_status":"open","ping_status":"closed","template":"","meta":[],"product_brand":[],"product_cat":[1015],"product_tag":[],"class_list":{"0":"post-6721","1":"product","2":"type-product","3":"status-publish","4":"has-post-thumbnail","6":"product_cat-eleicoes-2026","8":"first","9":"instock","10":"shipping-taxable","11":"purchasable","12":"product-type-variable","13":"has-default-attributes"},"acf":[],"jetpack_sharing_enabled":true,"_links":{"self":[{"href":"https:\/\/graficaarejano.com.br\/site\/wp-json\/wp\/v2\/product\/6721","targetHints":{"allow":["GET"]}}],"collection":[{"href":"https:\/\/graficaarejano.com.br\/site\/wp-json\/wp\/v2\/product"}],"about":[{"href":"https:\/\/graficaarejano.com.br\/site\/wp-json\/wp\/v2\/types\/product"}],"replies":[{"embeddable":true,"href":"https:\/\/graficaarejano.com.br\/site\/wp-json\/wp\/v2\/comments?post=6721"}],"wp:featuredmedia":[{"embeddable":true,"href":"https:\/\/graficaarejano.com.br\/site\/wp-json\/wp\/v2\/media\/6668"}],"wp:attachment":[{"href":"https:\/\/graficaarejano.com.br\/site\/wp-json\/wp\/v2\/media?parent=6721"}],"wp:term":[{"taxonomy":"product_brand","embeddable":true,"href":"https:\/\/graficaarejano.com.br\/site\/wp-json\/wp\/v2\/product_brand?post=6721"},{"taxonomy":"product_cat","embeddable":true,"href":"https:\/\/graficaarejano.com.br\/site\/wp-json\/wp\/v2\/product_cat?post=6721"},{"taxonomy":"product_tag","embeddable":true,"href":"https:\/\/graficaarejano.com.br\/site\/wp-json\/wp\/v2\/product_tag?post=6721"}],"curies":[{"name":"wp","href":"https:\/\/api.w.org\/{rel}","templated":true}]}}