{"id":6754,"date":"2024-07-13T17:25:10","date_gmt":"2024-07-13T20:25:10","guid":{"rendered":"https:\/\/graficaarejano.com.br\/site\/?post_type=product&#038;p=6754"},"modified":"2025-06-28T20:30:51","modified_gmt":"2025-06-28T23:30:51","slug":"royal-felt-box","status":"publish","type":"product","link":"https:\/\/graficaarejano.com.br\/site\/produto\/royal-felt-box\/","title":{"rendered":"Royal Felt Box"},"content":{"rendered":"<p><strong>*ATEN\u00c7\u00c3O*<\/strong><\/p>\n<p><strong>Aviso de Pe\u00e7a nobre!<\/strong><\/p>\n<p>____________________________________<\/p>\n<p>A mais linda e melhor caixa para pe\u00e7as do Brasil!<\/p>\n<p>**** Nossa Caixa \u00e9 vendida <strong>SEM AS PE\u00c7AS<\/strong>. Para adquirir algum jogo de pe\u00e7as, selecione nos <strong>ACABAMENTOS ADICIONAIS ****<\/strong><\/p>\n<p>Nossa <strong>Royal Felt Box<\/strong> \u00e9 produzida em madeira 6mm, <strong>100%<\/strong> <strong>revestida em Marchetaria <\/strong>e\u00a0composta por l\u00e2minas de madeira <strong>nobre natural tratada<\/strong>.<br \/>\nRevestimento: <strong>Nogueira Americana<\/strong> e filete feito em <strong>Marfim Arana<\/strong>.<\/p>\n<p>Os detalhes adicionais, das cantoneiras, s\u00e3o para, al\u00e9m de proteger sua caixa de poss\u00edveis quedas e batidas, dar beleza e eleg\u00e2ncia, feito em metal envelhecido.<\/p>\n<p>Se compra caixas paralelas quando se quer aprender xadrez, mas se compra a Royal Felt Box quando se \u00e9 um enxadrista!<\/p>\n","protected":false},"excerpt":{"rendered":"<p><strong>100%<\/strong> <strong>revestida em Marchetaria <\/strong>e\u00a0composta por l\u00e2minas de madeira <strong>nobre natural tratada<\/strong>.<br \/>\nRevestimento: <strong>Nogueira Americana<\/strong> e filete feito em <strong>Marfim Arana<\/strong>.<\/p>\n","protected":false},"featured_media":7716,"comment_status":"open","ping_status":"closed","template":"","meta":[],"product_brand":[],"product_cat":[802],"product_tag":[],"class_list":{"0":"post-6754","1":"product","2":"type-product","3":"status-publish","4":"has-post-thumbnail","6":"product_cat-xadrez-damas","8":"first","9":"onbackorder","10":"shipping-taxable","11":"purchasable","12":"product-type-variable","13":"has-default-attributes"},"acf":[],"jetpack_sharing_enabled":true,"_links":{"self":[{"href":"https:\/\/graficaarejano.com.br\/site\/wp-json\/wp\/v2\/product\/6754","targetHints":{"allow":["GET"]}}],"collection":[{"href":"https:\/\/graficaarejano.com.br\/site\/wp-json\/wp\/v2\/product"}],"about":[{"href":"https:\/\/graficaarejano.com.br\/site\/wp-json\/wp\/v2\/types\/product"}],"replies":[{"embeddable":true,"href":"https:\/\/graficaarejano.com.br\/site\/wp-json\/wp\/v2\/comments?post=6754"}],"wp:featuredmedia":[{"embeddable":true,"href":"https:\/\/graficaarejano.com.br\/site\/wp-json\/wp\/v2\/media\/7716"}],"wp:attachment":[{"href":"https:\/\/graficaarejano.com.br\/site\/wp-json\/wp\/v2\/media?parent=6754"}],"wp:term":[{"taxonomy":"product_brand","embeddable":true,"href":"https:\/\/graficaarejano.com.br\/site\/wp-json\/wp\/v2\/product_brand?post=6754"},{"taxonomy":"product_cat","embeddable":true,"href":"https:\/\/graficaarejano.com.br\/site\/wp-json\/wp\/v2\/product_cat?post=6754"},{"taxonomy":"product_tag","embeddable":true,"href":"https:\/\/graficaarejano.com.br\/site\/wp-json\/wp\/v2\/product_tag?post=6754"}],"curies":[{"name":"wp","href":"https:\/\/api.w.org\/{rel}","templated":true}]}}