{"id":693,"date":"2021-10-30T14:53:31","date_gmt":"2021-10-30T17:53:31","guid":{"rendered":"https:\/\/graficaarejano.com.br\/site\/?post_type=product&#038;p=693"},"modified":"2026-03-05T15:01:55","modified_gmt":"2026-03-05T18:01:55","slug":"certificados-a4","status":"publish","type":"product","link":"https:\/\/graficaarejano.com.br\/site\/produto\/certificados-a4\/","title":{"rendered":"Certificados A4"},"content":{"rendered":"<p data-start=\"299\" data-end=\"465\">Os <strong data-start=\"302\" data-end=\"336\">Certificados A4 personalizados<\/strong> s\u00e3o ideais para reconhecer conquistas, validar participa\u00e7\u00f5es e valorizar momentos importantes em cursos, eventos e treinamentos.<\/p>\n<p data-start=\"467\" data-end=\"677\">Produzidos no formato <strong data-start=\"489\" data-end=\"510\">A4 (21 x 29,7 cm)<\/strong>, oferecem excelente \u00e1rea para incluir informa\u00e7\u00f5es detalhadas como nome do participante, carga hor\u00e1ria, assinatura dos respons\u00e1veis e identidade visual da institui\u00e7\u00e3o.<\/p>\n<p data-start=\"679\" data-end=\"872\">Dispon\u00edveis em <strong data-start=\"694\" data-end=\"716\">papel Couch\u00ea Fosco<\/strong> ou <strong data-start=\"720\" data-end=\"739\">Papel Reciclato<\/strong>, os certificados unem qualidade de impress\u00e3o, apresenta\u00e7\u00e3o elegante e versatilidade para diferentes tipos de eventos e institui\u00e7\u00f5es.<\/p>\n<p data-start=\"874\" data-end=\"1128\">O <strong data-start=\"876\" data-end=\"892\">Couch\u00ea Fosco<\/strong> proporciona um visual moderno e profissional, com excelente defini\u00e7\u00e3o de cores e acabamento refinado. J\u00e1 o <strong data-start=\"1000\" data-end=\"1019\">Papel Reciclato<\/strong> possui tonalidade natural e textura caracter\u00edstica, transmitindo um conceito mais sustent\u00e1vel e sofisticado.<\/p>\n<p data-start=\"1130\" data-end=\"1217\">Ambas as op\u00e7\u00f5es garantem \u00f3tima legibilidade, durabilidade e apresenta\u00e7\u00e3o institucional.<\/p>\n","protected":false},"excerpt":{"rendered":"<p>Os Certificados A4 personalizados s\u00e3o ideais para reconhecer conquistas, validar participa\u00e7\u00f5es e valorizar momentos importantes em cursos, eventos e treinamentos. Produzidos no formato A4 (21 x 29,7 cm), oferecem excelente \u00e1rea para incluir informa\u00e7\u00f5es detalhadas como nome do participante, carga hor\u00e1ria, assinatura dos respons\u00e1veis e identidade visual da institui\u00e7\u00e3o. Dispon\u00edveis em papel Couch\u00ea Fosco ou [&hellip;]<\/p>\n","protected":false},"featured_media":741,"comment_status":"open","ping_status":"closed","template":"","meta":[],"product_brand":[],"product_cat":[762,623,601],"product_tag":[],"class_list":{"0":"post-693","1":"product","2":"type-product","3":"status-publish","4":"has-post-thumbnail","6":"product_cat-certificados","7":"product_cat-impressoes-digitais","8":"product_cat-produtos-express","10":"first","11":"instock","12":"shipping-taxable","13":"purchasable","14":"product-type-variable","15":"has-default-attributes"},"acf":[],"jetpack_sharing_enabled":true,"_links":{"self":[{"href":"https:\/\/graficaarejano.com.br\/site\/wp-json\/wp\/v2\/product\/693","targetHints":{"allow":["GET"]}}],"collection":[{"href":"https:\/\/graficaarejano.com.br\/site\/wp-json\/wp\/v2\/product"}],"about":[{"href":"https:\/\/graficaarejano.com.br\/site\/wp-json\/wp\/v2\/types\/product"}],"replies":[{"embeddable":true,"href":"https:\/\/graficaarejano.com.br\/site\/wp-json\/wp\/v2\/comments?post=693"}],"wp:featuredmedia":[{"embeddable":true,"href":"https:\/\/graficaarejano.com.br\/site\/wp-json\/wp\/v2\/media\/741"}],"wp:attachment":[{"href":"https:\/\/graficaarejano.com.br\/site\/wp-json\/wp\/v2\/media?parent=693"}],"wp:term":[{"taxonomy":"product_brand","embeddable":true,"href":"https:\/\/graficaarejano.com.br\/site\/wp-json\/wp\/v2\/product_brand?post=693"},{"taxonomy":"product_cat","embeddable":true,"href":"https:\/\/graficaarejano.com.br\/site\/wp-json\/wp\/v2\/product_cat?post=693"},{"taxonomy":"product_tag","embeddable":true,"href":"https:\/\/graficaarejano.com.br\/site\/wp-json\/wp\/v2\/product_tag?post=693"}],"curies":[{"name":"wp","href":"https:\/\/api.w.org\/{rel}","templated":true}]}}