{"id":7028,"date":"2024-10-18T19:17:54","date_gmt":"2024-10-18T22:17:54","guid":{"rendered":"https:\/\/graficaarejano.com.br\/site\/?post_type=product&#038;p=7028"},"modified":"2025-07-10T20:12:03","modified_gmt":"2025-07-10T23:12:03","slug":"colecao-o-gambito-da-rainha","status":"publish","type":"product","link":"https:\/\/graficaarejano.com.br\/site\/produto\/colecao-o-gambito-da-rainha\/","title":{"rendered":"Cole\u00e7\u00e3o &#8220;O Gambito da Rainha&#8221;"},"content":{"rendered":"<p><em><strong>ATEN\u00c7\u00c3O<\/strong><\/em><\/p>\n<p>=&gt; Nenhum jogo de pe\u00e7as est\u00e1 incluso nos pedidos de tabuleiros, eles devem ser comprados separadamente, nos <strong>&#8220;adicionais&#8221;<\/strong> ou nas suas p\u00e1ginas oficiais;<br \/>\n=&gt; Confira a cor e as caracter\u00edsticas do seu tabuleiro no ato da compra.<br \/>\n=&gt; <em><strong>N\u00e3o \u00e9 poss\u00edvel<\/strong> alterar as configura\u00e7\u00f5es (Medidas, cores, casas, coordenadas e etc.) dos nossos modelos j\u00e1 existentes. Para fazer um tabuleiro personalizado, somente para voc\u00ea, <strong><a href=\"https:\/\/graficaarejano.com.br\/site\/produto\/tabuleiro-personalizado-com-a-sua-arte\/\">CLIQUE AQUI<\/a><\/strong> e envie sua arte, no ato do pedido, ou contrate um designer gr\u00e1fico para criar o seu tabuleiro conforme voc\u00ea deseja.<\/em><\/p>\n<p>_______________________________________________<\/p>\n<p data-start=\"142\" data-end=\"375\">Entre no clima da s\u00e9rie que trouxe o xadrez para o centro das aten\u00e7\u00f5es!<br data-start=\"213\" data-end=\"216\" \/>Na sess\u00e3o <strong data-start=\"226\" data-end=\"274\">Tabuleiros em Homenagem ao Gambito da Rainha<\/strong>, voc\u00ea encontra modelos exclusivos inspirados na eleg\u00e2ncia, intelig\u00eancia e estilo de <em data-start=\"359\" data-end=\"372\">Beth Harmon<\/em>.<\/p>\n<p data-start=\"377\" data-end=\"435\">S\u00e3o diversas op\u00e7\u00f5es para todos os gostos e necessidades:<\/p>\n<ul data-start=\"436\" data-end=\"774\">\n<li data-start=\"436\" data-end=\"525\">\n<p data-start=\"438\" data-end=\"525\"><strong data-start=\"438\" data-end=\"468\">Tabuleiro Premium de Vidro<\/strong> \u2014 luxo e sofistica\u00e7\u00e3o para quem valoriza cada detalhe.<\/p>\n<\/li>\n<li data-start=\"526\" data-end=\"592\">\n<p data-start=\"528\" data-end=\"592\"><strong data-start=\"528\" data-end=\"540\">PS Plano<\/strong> \u2014 resistente e acess\u00edvel, ideal para o dia a dia.<\/p>\n<\/li>\n<li data-start=\"593\" data-end=\"656\">\n<p data-start=\"595\" data-end=\"656\"><strong data-start=\"595\" data-end=\"610\">PS Dobr\u00e1vel<\/strong> \u2014 praticidade com acabamento de alto n\u00edvel.<\/p>\n<\/li>\n<li data-start=\"657\" data-end=\"718\">\n<p data-start=\"659\" data-end=\"718\"><strong data-start=\"659\" data-end=\"681\">Prime2D (2 Dobras)<\/strong> \u2014 inova\u00e7\u00e3o em mobilidade e design.<\/p>\n<\/li>\n<li data-start=\"719\" data-end=\"774\">\n<p data-start=\"721\" data-end=\"774\"><strong data-start=\"721\" data-end=\"742\">Tabuleiro de Lona<\/strong> \u2014 leve, port\u00e1til e funcional.<\/p>\n<\/li>\n<\/ul>\n<p data-start=\"776\" data-end=\"915\">Cada tabuleiro \u00e9 produzido com acabamento de qualidade, homenageando n\u00e3o s\u00f3 a s\u00e9rie, mas tamb\u00e9m a tradi\u00e7\u00e3o e a beleza do xadrez cl\u00e1ssico.<\/p>\n","protected":false},"excerpt":{"rendered":"<p>ATEN\u00c7\u00c3O =&gt; Nenhum jogo de pe\u00e7as est\u00e1 incluso nos pedidos de tabuleiros, eles devem ser comprados separadamente, nos &#8220;adicionais&#8221; ou nas suas p\u00e1ginas oficiais; =&gt; Confira a cor e as caracter\u00edsticas do seu tabuleiro no ato da compra. =&gt; N\u00e3o \u00e9 poss\u00edvel alterar as configura\u00e7\u00f5es (Medidas, cores, casas, coordenadas e etc.) dos nossos modelos j\u00e1 [&hellip;]<\/p>\n","protected":false},"featured_media":7032,"comment_status":"open","ping_status":"closed","template":"","meta":[],"product_brand":[],"product_cat":[802],"product_tag":[],"class_list":{"0":"post-7028","1":"product","2":"type-product","3":"status-publish","4":"has-post-thumbnail","6":"product_cat-xadrez-damas","8":"first","9":"instock","10":"shipping-taxable","11":"purchasable","12":"product-type-variable"},"acf":[],"jetpack_sharing_enabled":true,"_links":{"self":[{"href":"https:\/\/graficaarejano.com.br\/site\/wp-json\/wp\/v2\/product\/7028","targetHints":{"allow":["GET"]}}],"collection":[{"href":"https:\/\/graficaarejano.com.br\/site\/wp-json\/wp\/v2\/product"}],"about":[{"href":"https:\/\/graficaarejano.com.br\/site\/wp-json\/wp\/v2\/types\/product"}],"replies":[{"embeddable":true,"href":"https:\/\/graficaarejano.com.br\/site\/wp-json\/wp\/v2\/comments?post=7028"}],"wp:featuredmedia":[{"embeddable":true,"href":"https:\/\/graficaarejano.com.br\/site\/wp-json\/wp\/v2\/media\/7032"}],"wp:attachment":[{"href":"https:\/\/graficaarejano.com.br\/site\/wp-json\/wp\/v2\/media?parent=7028"}],"wp:term":[{"taxonomy":"product_brand","embeddable":true,"href":"https:\/\/graficaarejano.com.br\/site\/wp-json\/wp\/v2\/product_brand?post=7028"},{"taxonomy":"product_cat","embeddable":true,"href":"https:\/\/graficaarejano.com.br\/site\/wp-json\/wp\/v2\/product_cat?post=7028"},{"taxonomy":"product_tag","embeddable":true,"href":"https:\/\/graficaarejano.com.br\/site\/wp-json\/wp\/v2\/product_tag?post=7028"}],"curies":[{"name":"wp","href":"https:\/\/api.w.org\/{rel}","templated":true}]}}