{"id":7048,"date":"2024-10-24T14:22:53","date_gmt":"2024-10-24T17:22:53","guid":{"rendered":"https:\/\/graficaarejano.com.br\/site\/?post_type=product&#038;p=7048"},"modified":"2024-10-29T20:02:55","modified_gmt":"2024-10-29T23:02:55","slug":"smart-card","status":"publish","type":"product","link":"https:\/\/graficaarejano.com.br\/site\/produto\/smart-card\/","title":{"rendered":"Smart Card"},"content":{"rendered":"<p>O Smart Card \u00e9 o seu cart\u00e3o de visita virtual, moderno e interativo, no formato PDF. Todas as informa\u00e7\u00f5es da sua empresa ficam acess\u00edveis em um \u00fanico clique: WhatsApp, telefones, endere\u00e7os com GPS, e-mail, redes sociais, v\u00eddeos e muito mais. Simples e f\u00e1cil de usar, voc\u00ea pode enviar o Smart Card diretamente por chats como WhatsApp ou e-mail, permitindo que seus clientes acessem todas as suas informa\u00e7\u00f5es instantaneamente, apenas clicando nos \u00edcones. Al\u00e9m disso, com o Smart Card, fica ainda mais f\u00e1cil ser recomendado, pois seus clientes e amigos podem compartilhar suas informa\u00e7\u00f5es com rapidez.<\/p>\n<p>Assim que voc\u00ea efetuar a compra, entre em contato pelo nosso WhatsApp, clicando <a href=\"https:\/\/api.whatsapp.com\/send\/?phone=5551981646763&amp;text=Ol%C3%A1%21+Tudo+bem%3F+Estou+entrando+em+contato+com+a+Gr%C3%A1fica+Arejano+e+gostaria+de+saber+mais+sobre+os+servi%C3%A7os+que+voc%C3%AAs+oferecem.&amp;type=phone_number&amp;app_absent=0\"><strong>AQUI<\/strong><\/a>.<\/p>\n<p>L\u00e1, faremos o <strong>briefing<\/strong>, que \u00e9 uma coleta de informa\u00e7\u00f5es importantes sobre sua empresa, como dados de contato, logomarca, cores e prefer\u00eancias de design. Isso nos ajuda a criar um cart\u00e3o totalmente personalizado para voc\u00ea!<\/p>\n<p>Nosso prazo de cria\u00e7\u00e3o \u00e9 de incr\u00edveis <strong>24 Horas<\/strong> ap\u00f3s o envio das informa\u00e7\u00f5es.<\/p>\n<div class=\"mb-2 flex gap-3 empty:hidden -ml-2\">\n<div class=\"items-center justify-start rounded-xl p-1 flex\">\n<div class=\"flex items-center\">\n<div class=\"flex items-center pb-0\"><\/div>\n<\/div>\n<\/div>\n<\/div>\n","protected":false},"excerpt":{"rendered":"<p>Os <em><strong>&#8220;Links&#8221;<\/strong><\/em> s\u00e3o a quantidade de bot\u00f5es interativos que voc\u00ea quer no seu <strong>Smart Card<\/strong>.<\/p>\n<p><strong>Por exemplo<\/strong>: Caso voc\u00ea queira <strong>3 bot\u00f5es<\/strong> interativos no seu SC, digamos, <em>Whats app<\/em>, <em>Instagram<\/em> e <em>seu site<\/em>, escolha <strong>3 Links<\/strong>.<\/p>\n","protected":false},"featured_media":7053,"comment_status":"open","ping_status":"closed","template":"","meta":[],"product_brand":[],"product_cat":[53,1043],"product_tag":[],"class_list":{"0":"post-7048","1":"product","2":"type-product","3":"status-publish","4":"has-post-thumbnail","6":"product_cat-cartoes-de-visita","7":"product_cat-cartao-de-visita-interativo","9":"first","10":"instock","11":"shipping-taxable","12":"purchasable","13":"product-type-variable"},"acf":[],"jetpack_sharing_enabled":true,"_links":{"self":[{"href":"https:\/\/graficaarejano.com.br\/site\/wp-json\/wp\/v2\/product\/7048","targetHints":{"allow":["GET"]}}],"collection":[{"href":"https:\/\/graficaarejano.com.br\/site\/wp-json\/wp\/v2\/product"}],"about":[{"href":"https:\/\/graficaarejano.com.br\/site\/wp-json\/wp\/v2\/types\/product"}],"replies":[{"embeddable":true,"href":"https:\/\/graficaarejano.com.br\/site\/wp-json\/wp\/v2\/comments?post=7048"}],"wp:featuredmedia":[{"embeddable":true,"href":"https:\/\/graficaarejano.com.br\/site\/wp-json\/wp\/v2\/media\/7053"}],"wp:attachment":[{"href":"https:\/\/graficaarejano.com.br\/site\/wp-json\/wp\/v2\/media?parent=7048"}],"wp:term":[{"taxonomy":"product_brand","embeddable":true,"href":"https:\/\/graficaarejano.com.br\/site\/wp-json\/wp\/v2\/product_brand?post=7048"},{"taxonomy":"product_cat","embeddable":true,"href":"https:\/\/graficaarejano.com.br\/site\/wp-json\/wp\/v2\/product_cat?post=7048"},{"taxonomy":"product_tag","embeddable":true,"href":"https:\/\/graficaarejano.com.br\/site\/wp-json\/wp\/v2\/product_tag?post=7048"}],"curies":[{"name":"wp","href":"https:\/\/api.w.org\/{rel}","templated":true}]}}