{"id":770,"date":"2021-11-23T08:58:51","date_gmt":"2021-11-23T11:58:51","guid":{"rendered":"https:\/\/graficaarejano.com.br\/site\/?post_type=product&#038;p=770"},"modified":"2026-02-24T15:02:37","modified_gmt":"2026-02-24T18:02:37","slug":"filipetas","status":"publish","type":"product","link":"https:\/\/graficaarejano.com.br\/site\/produto\/filipetas\/","title":{"rendered":"Filipetas (10&#215;21 cm)"},"content":{"rendered":"<div class=\"text-group\">\n<p data-start=\"133\" data-end=\"367\">A <strong data-start=\"135\" data-end=\"147\">Filipeta<\/strong> \u00e9 uma das ferramentas promocionais mais utilizadas para divulga\u00e7\u00e3o r\u00e1pida e direta. Seu formato pr\u00e1tico e alongado permite comunicar ofertas, eventos, servi\u00e7os e campanhas com clareza, organiza\u00e7\u00e3o e alto impacto visual.<\/p>\n<p data-start=\"369\" data-end=\"541\">Produzida em papel couch\u00ea de alta qualidade, a filipeta oferece excelente defini\u00e7\u00e3o de cores, boa leitura e \u00f3timo custo-benef\u00edcio. Est\u00e1 dispon\u00edvel nas seguintes gramaturas:<\/p>\n<ul data-start=\"543\" data-end=\"817\">\n<li data-start=\"543\" data-end=\"626\">\n<p data-start=\"545\" data-end=\"626\"><strong data-start=\"545\" data-end=\"559\">Couch\u00ea 90g<\/strong> \u2013 Ideal para grandes tiragens e campanhas de ampla distribui\u00e7\u00e3o.<\/p>\n<\/li>\n<li data-start=\"627\" data-end=\"710\">\n<p data-start=\"629\" data-end=\"710\"><strong data-start=\"629\" data-end=\"644\">Couch\u00ea 115g<\/strong> \u2013 Mais encorpado, proporcionando melhor percep\u00e7\u00e3o de qualidade.<\/p>\n<\/li>\n<li data-start=\"711\" data-end=\"817\">\n<p data-start=\"713\" data-end=\"817\"><strong data-start=\"713\" data-end=\"728\">Couch\u00ea 150g<\/strong> \u2013 Papel mais firme e resistente, indicado para materiais promocionais mais estruturados.<\/p>\n<\/li>\n<\/ul>\n<p data-start=\"819\" data-end=\"945\">Com impress\u00e3o em alta defini\u00e7\u00e3o, a filipeta \u00e9 perfeita para a\u00e7\u00f5es comerciais que exigem agilidade e efici\u00eancia na comunica\u00e7\u00e3o.<\/p>\n<\/div>\n","protected":false},"excerpt":{"rendered":"<p>A Filipeta \u00e9 uma das ferramentas promocionais mais utilizadas para divulga\u00e7\u00e3o r\u00e1pida e direta. Seu formato pr\u00e1tico e alongado permite comunicar ofertas, eventos, servi\u00e7os e campanhas com clareza, organiza\u00e7\u00e3o e alto impacto visual. Produzida em papel couch\u00ea de alta qualidade, a filipeta oferece excelente defini\u00e7\u00e3o de cores, boa leitura e \u00f3timo custo-benef\u00edcio. Est\u00e1 dispon\u00edvel nas [&hellip;]<\/p>\n","protected":false},"featured_media":771,"comment_status":"open","ping_status":"closed","template":"","meta":[],"product_brand":[],"product_cat":[157],"product_tag":[],"class_list":{"0":"post-770","1":"product","2":"type-product","3":"status-publish","4":"has-post-thumbnail","6":"product_cat-panfletos-folders","8":"first","9":"instock","10":"shipping-taxable","11":"purchasable","12":"product-type-variable","13":"has-default-attributes"},"acf":[],"jetpack_sharing_enabled":true,"_links":{"self":[{"href":"https:\/\/graficaarejano.com.br\/site\/wp-json\/wp\/v2\/product\/770","targetHints":{"allow":["GET"]}}],"collection":[{"href":"https:\/\/graficaarejano.com.br\/site\/wp-json\/wp\/v2\/product"}],"about":[{"href":"https:\/\/graficaarejano.com.br\/site\/wp-json\/wp\/v2\/types\/product"}],"replies":[{"embeddable":true,"href":"https:\/\/graficaarejano.com.br\/site\/wp-json\/wp\/v2\/comments?post=770"}],"wp:featuredmedia":[{"embeddable":true,"href":"https:\/\/graficaarejano.com.br\/site\/wp-json\/wp\/v2\/media\/771"}],"wp:attachment":[{"href":"https:\/\/graficaarejano.com.br\/site\/wp-json\/wp\/v2\/media?parent=770"}],"wp:term":[{"taxonomy":"product_brand","embeddable":true,"href":"https:\/\/graficaarejano.com.br\/site\/wp-json\/wp\/v2\/product_brand?post=770"},{"taxonomy":"product_cat","embeddable":true,"href":"https:\/\/graficaarejano.com.br\/site\/wp-json\/wp\/v2\/product_cat?post=770"},{"taxonomy":"product_tag","embeddable":true,"href":"https:\/\/graficaarejano.com.br\/site\/wp-json\/wp\/v2\/product_tag?post=770"}],"curies":[{"name":"wp","href":"https:\/\/api.w.org\/{rel}","templated":true}]}}