{"id":7864,"date":"2025-01-21T21:12:08","date_gmt":"2025-01-22T00:12:08","guid":{"rendered":"https:\/\/graficaarejano.com.br\/site\/?post_type=product&#038;p=7864"},"modified":"2026-03-12T13:47:35","modified_gmt":"2026-03-12T16:47:35","slug":"dtf-materiais-rigidos","status":"publish","type":"product","link":"https:\/\/graficaarejano.com.br\/site\/produto\/dtf-materiais-rigidos\/","title":{"rendered":"DTF Materiais R\u00edgidos"},"content":{"rendered":"<p><b>ATEN\u00c7\u00c3O:<\/b>\u00a0Este produto aceita apenas o formato de arquivo\u00a0<b>CDR\/PNG<\/b>.<span style=\"color: red;\"><br \/>\n<strong>N\u00c3O ENVIE imagens com fundo branco<\/strong>\u00a0<\/span>para que o fundo branco n\u00e3o seja impresso na arte.<br \/>\nEnvie sua arte sempre no tamanho comprado e no formato de\u00a0<b>PNG\/CDR SEM FUNDO E COM ALTA RESOLU\u00c7\u00c3O<\/b>.<\/p>\n<p><strong>APLICA\u00c7\u00d5ES:<\/strong><\/p>\n<p>Oferecemos o servi\u00e7o de aplica\u00e7\u00e3o, conforme mostra nos acabamento adicionais. Neste caso os produtos devem ser trazidos, em nosso endere\u00e7o, para a coloca\u00e7\u00e3o e, ap\u00f3s, coletados pelo cliente. N\u00e3o nos responsabilizamos pelo transporte e o valor total ser\u00e1 cobrado pelo valor unit\u00e1rio de aplica\u00e7\u00e3o vezes o n\u00famero total de pe\u00e7as.<\/p>\n<p data-start=\"195\" data-end=\"519\">O <strong data-start=\"197\" data-end=\"238\">Adesivo em DTF para Materiais R\u00edgidos<\/strong> \u00e9 uma solu\u00e7\u00e3o moderna e de alta qualidade para personaliza\u00e7\u00e3o de superf\u00edcies n\u00e3o t\u00eaxteis. Produzido em <strong data-start=\"342\" data-end=\"364\">filme de poli\u00e9ster<\/strong>, esse material permite transfer\u00eancias com excelente defini\u00e7\u00e3o, cores intensas e acabamento uniforme, agregando valor e identidade visual ao produto final.<\/p>\n<p data-start=\"521\" data-end=\"851\">Diferente das aplica\u00e7\u00f5es t\u00eaxteis, o DTF para materiais r\u00edgidos foi pensado para aderir com efici\u00eancia em superf\u00edcies lisas ou levemente texturizadas, mantendo \u00f3tima fixa\u00e7\u00e3o e resist\u00eancia ao manuseio. O resultado \u00e9 uma aplica\u00e7\u00e3o limpa, com apar\u00eancia profissional, ideal para personaliza\u00e7\u00e3o de objetos, brindes e pe\u00e7as promocionais.<\/p>\n<p data-start=\"853\" data-end=\"1001\">\u00c9 uma alternativa pr\u00e1tica para quem busca personaliza\u00e7\u00e3o detalhada, inclusive em pequenas quantidades, sem abrir m\u00e3o da qualidade e da durabilidade.<\/p>\n","protected":false},"excerpt":{"rendered":"<p>Entregues em Folhas<\/p>\n","protected":false},"featured_media":7905,"comment_status":"open","ping_status":"closed","template":"","meta":[],"product_brand":[],"product_cat":[248,1103],"product_tag":[],"class_list":{"0":"post-7864","1":"product","2":"type-product","3":"status-publish","4":"has-post-thumbnail","6":"product_cat-adesivos","7":"product_cat-adesivos-dtf","9":"first","10":"instock","11":"shipping-taxable","12":"purchasable","13":"product-type-variable","14":"has-default-attributes"},"acf":[],"jetpack_sharing_enabled":true,"_links":{"self":[{"href":"https:\/\/graficaarejano.com.br\/site\/wp-json\/wp\/v2\/product\/7864","targetHints":{"allow":["GET"]}}],"collection":[{"href":"https:\/\/graficaarejano.com.br\/site\/wp-json\/wp\/v2\/product"}],"about":[{"href":"https:\/\/graficaarejano.com.br\/site\/wp-json\/wp\/v2\/types\/product"}],"replies":[{"embeddable":true,"href":"https:\/\/graficaarejano.com.br\/site\/wp-json\/wp\/v2\/comments?post=7864"}],"wp:featuredmedia":[{"embeddable":true,"href":"https:\/\/graficaarejano.com.br\/site\/wp-json\/wp\/v2\/media\/7905"}],"wp:attachment":[{"href":"https:\/\/graficaarejano.com.br\/site\/wp-json\/wp\/v2\/media?parent=7864"}],"wp:term":[{"taxonomy":"product_brand","embeddable":true,"href":"https:\/\/graficaarejano.com.br\/site\/wp-json\/wp\/v2\/product_brand?post=7864"},{"taxonomy":"product_cat","embeddable":true,"href":"https:\/\/graficaarejano.com.br\/site\/wp-json\/wp\/v2\/product_cat?post=7864"},{"taxonomy":"product_tag","embeddable":true,"href":"https:\/\/graficaarejano.com.br\/site\/wp-json\/wp\/v2\/product_tag?post=7864"}],"curies":[{"name":"wp","href":"https:\/\/api.w.org\/{rel}","templated":true}]}}