{"id":824,"date":"2021-11-23T12:01:23","date_gmt":"2021-11-23T15:01:23","guid":{"rendered":"https:\/\/graficaarejano.com.br\/site\/?post_type=product&#038;p=824"},"modified":"2026-02-23T17:46:26","modified_gmt":"2026-02-23T20:46:26","slug":"panfleto-a3-300x420mm","status":"publish","type":"product","link":"https:\/\/graficaarejano.com.br\/site\/produto\/panfleto-a3-300x420mm\/","title":{"rendered":"Panfleto A3 (30&#215;42 cm)"},"content":{"rendered":"<p data-start=\"158\" data-end=\"432\">O <strong data-start=\"160\" data-end=\"175\">Panfleto A3<\/strong> \u00e9 a op\u00e7\u00e3o ideal para campanhas que exigem grande impacto visual e amplo espa\u00e7o para comunica\u00e7\u00e3o. Com tamanho maior, ele permite destacar imagens, ofertas, tabelas, mapas, apresenta\u00e7\u00f5es institucionais e informa\u00e7\u00f5es detalhadas de forma organizada e atrativa.<\/p>\n<p data-start=\"434\" data-end=\"641\">Esse formato \u00e9 perfeito para a\u00e7\u00f5es promocionais que precisam chamar aten\u00e7\u00e3o \u00e0 dist\u00e2ncia, al\u00e9m de ser muito utilizado como material de divulga\u00e7\u00e3o em pontos estrat\u00e9gicos, eventos e estabelecimentos comerciais.<\/p>\n<p data-start=\"643\" data-end=\"783\">Dispon\u00edvel em diferentes gramaturas, o Panfleto A3 atende desde campanhas de grande circula\u00e7\u00e3o at\u00e9 materiais mais sofisticados e encorpados.<\/p>\n<p data-start=\"785\" data-end=\"804\">Op\u00e7\u00f5es de material:<\/p>\n<ul data-start=\"806\" data-end=\"1149\">\n<li data-start=\"806\" data-end=\"891\">\n<p data-start=\"808\" data-end=\"891\"><strong data-start=\"808\" data-end=\"822\">Couch\u00ea 90g<\/strong> \u2013 Ideal para grandes tiragens e campanhas promocionais intensivas.<\/p>\n<\/li>\n<li data-start=\"892\" data-end=\"964\">\n<p data-start=\"894\" data-end=\"964\"><strong data-start=\"894\" data-end=\"909\">Couch\u00ea 115g<\/strong> \u2013 Mais encorpado, com melhor percep\u00e7\u00e3o de qualidade.<\/p>\n<\/li>\n<li data-start=\"965\" data-end=\"1065\">\n<p data-start=\"967\" data-end=\"1065\"><strong data-start=\"967\" data-end=\"982\">Couch\u00ea 150g<\/strong> \u2013 Papel mais firme e resistente, excelente para apresenta\u00e7\u00f5es mais estruturadas.<\/p>\n<\/li>\n<li data-start=\"1066\" data-end=\"1149\">\n<p data-start=\"1068\" data-end=\"1149\"><strong data-start=\"1068\" data-end=\"1089\">Couch\u00ea Fosco 170g<\/strong> \u2013 Acabamento elegante, toque refinado e visual sofisticado.<\/p>\n<\/li>\n<\/ul>\n<p data-start=\"1151\" data-end=\"1305\">Com impress\u00e3o de alta defini\u00e7\u00e3o e cores vibrantes, o Panfleto A3 \u00e9 uma ferramenta poderosa para destacar sua marca e gerar maior impacto junto ao p\u00fablico.<\/p>\n<p>&nbsp;<\/p>\n","protected":false},"excerpt":{"rendered":"<p>O Panfleto A3 \u00e9 a op\u00e7\u00e3o ideal para campanhas que exigem grande impacto visual e amplo espa\u00e7o para comunica\u00e7\u00e3o. Com tamanho maior, ele permite destacar imagens, ofertas, tabelas, mapas, apresenta\u00e7\u00f5es institucionais e informa\u00e7\u00f5es detalhadas de forma organizada e atrativa. Esse formato \u00e9 perfeito para a\u00e7\u00f5es promocionais que precisam chamar aten\u00e7\u00e3o \u00e0 dist\u00e2ncia, al\u00e9m de ser [&hellip;]<\/p>\n","protected":false},"featured_media":838,"comment_status":"open","ping_status":"closed","template":"","meta":[],"product_brand":[],"product_cat":[157],"product_tag":[],"class_list":{"0":"post-824","1":"product","2":"type-product","3":"status-publish","4":"has-post-thumbnail","6":"product_cat-panfletos-folders","8":"first","9":"instock","10":"shipping-taxable","11":"purchasable","12":"product-type-variable","13":"has-default-attributes"},"acf":[],"jetpack_sharing_enabled":true,"_links":{"self":[{"href":"https:\/\/graficaarejano.com.br\/site\/wp-json\/wp\/v2\/product\/824","targetHints":{"allow":["GET"]}}],"collection":[{"href":"https:\/\/graficaarejano.com.br\/site\/wp-json\/wp\/v2\/product"}],"about":[{"href":"https:\/\/graficaarejano.com.br\/site\/wp-json\/wp\/v2\/types\/product"}],"replies":[{"embeddable":true,"href":"https:\/\/graficaarejano.com.br\/site\/wp-json\/wp\/v2\/comments?post=824"}],"wp:featuredmedia":[{"embeddable":true,"href":"https:\/\/graficaarejano.com.br\/site\/wp-json\/wp\/v2\/media\/838"}],"wp:attachment":[{"href":"https:\/\/graficaarejano.com.br\/site\/wp-json\/wp\/v2\/media?parent=824"}],"wp:term":[{"taxonomy":"product_brand","embeddable":true,"href":"https:\/\/graficaarejano.com.br\/site\/wp-json\/wp\/v2\/product_brand?post=824"},{"taxonomy":"product_cat","embeddable":true,"href":"https:\/\/graficaarejano.com.br\/site\/wp-json\/wp\/v2\/product_cat?post=824"},{"taxonomy":"product_tag","embeddable":true,"href":"https:\/\/graficaarejano.com.br\/site\/wp-json\/wp\/v2\/product_tag?post=824"}],"curies":[{"name":"wp","href":"https:\/\/api.w.org\/{rel}","templated":true}]}}