{"id":8851,"date":"2025-06-23T14:50:55","date_gmt":"2025-06-23T17:50:55","guid":{"rendered":"https:\/\/graficaarejano.com.br\/site\/?post_type=product&#038;p=8851"},"modified":"2025-07-19T21:34:11","modified_gmt":"2025-07-20T00:34:11","slug":"relogio-digital-tipo-leap","status":"publish","type":"product","link":"https:\/\/graficaarejano.com.br\/site\/produto\/relogio-digital-tipo-leap\/","title":{"rendered":"Rel\u00f3gio Digital Tipo Leap"},"content":{"rendered":"<ul>\n<li><strong>Aten\u00e7\u00e3o!<\/strong> Produto sob encomenda. O prazo normal \u00e9 de at\u00e9 20 dias pra ser enviado.<br \/>\n&#8211; Por ser considerado inflam\u00e1vel, as pilhas <strong>n\u00e3o s\u00e3o<\/strong> enviadas junto.<\/li>\n<\/ul>\n<p>__________________________________________________________________________________________<\/p>\n<p>\u2022 Rel\u00f3gio Temporizador Digital Top Profissional para jogos de tabuleiro tipo Xadrez.<\/p>\n<p>\u00d3timo rel\u00f3gio de xadrez para partidas amistosas e torneios \/ competi\u00e7\u00f5es oficiais.<\/p>\n<p>&#8211; Este rel\u00f3gio mostra no Display o n\u00famero de jogadas de cada jogador.<br \/>\n&#8211; Este rel\u00f3gio possui acr\u00e9scimo Fischer ( B\u00f4nus ).<br \/>\n&#8211; Este rel\u00f3gio possui tempo progressivo e tempo regressivo.<br \/>\n&#8211; \u00c9 poss\u00edvel configurar dois tempos diferentes para ambos jogadores.<br \/>\n&#8211; Ele armazena a \u00faltima configura\u00e7\u00e3o quando ligado<br \/>\n&#8211; Possui op\u00e7\u00e3o de funcionamento com e sem Bipe Sonoro ( Alarme )<\/p>\n<p>Compacto, display com n\u00fameros grandes. F\u00e1cil manuseio e configura\u00e7\u00e3o<\/p>\n<p>&#8211; Caracter\u00edsticas do produto:<\/p>\n<p>3 op\u00e7\u00f5es de configura\u00e7\u00e3o de tempo:<\/p>\n<p>1a op\u00e7\u00e3o: partidas nocaute (sem acr\u00e9scimo)<br \/>\n2a op\u00e7\u00e3o: partidas com acr\u00e9scimo Fischer ( B\u00f4nus )<br \/>\n3a op\u00e7\u00e3o: partidas com acr\u00e9scimo Delay ( tempo adicional ) quando o tempo chegar em 0<\/p>\n<p>Compacto, display com n\u00fameros grandes. F\u00e1cil manuseio e configura\u00e7\u00e3o.<br \/>\nNo display fica em destaque: n\u00famero de jogadas realizadas, quantos segundos de acr\u00e9scimo (ou ausente para ritmo nocaute), horas, minutos e segundos.<br \/>\nPossui 4 bot\u00f5es: cima (ou +), rel\u00f3gio (configura\u00e7\u00f5es), play\/pause e baixo (ou -)<br \/>\nTempo m\u00e1ximo para configurar no rel\u00f3gio: 9hrs e 59 minutos.<br \/>\nMedidas do Rel\u00f3gio: 14cm x 8,8cm x 4,5cm<br \/>\nPossui op\u00e7\u00e3o de funcionamento com e sem Bipe Sonoro ( Alarme )<br \/>\nFuncionamento: 2 pilhas AA (n\u00e3o inclusas)<\/p>\n","protected":false},"excerpt":{"rendered":"<p>Aten\u00e7\u00e3o! Produto sob encomenda. O prazo normal \u00e9 de at\u00e9 20 dias pra ser enviado. &#8211; Por ser considerado inflam\u00e1vel, as pilhas n\u00e3o s\u00e3o enviadas junto. __________________________________________________________________________________________ \u2022 Rel\u00f3gio Temporizador Digital Top Profissional para jogos de tabuleiro tipo Xadrez. \u00d3timo rel\u00f3gio de xadrez para partidas amistosas e torneios \/ competi\u00e7\u00f5es oficiais. &#8211; Este rel\u00f3gio mostra [&hellip;]<\/p>\n","protected":false},"featured_media":8852,"comment_status":"open","ping_status":"closed","template":"","meta":[],"product_brand":[],"product_cat":[802],"product_tag":[],"class_list":{"0":"post-8851","1":"product","2":"type-product","3":"status-publish","4":"has-post-thumbnail","6":"product_cat-xadrez-damas","8":"first","9":"onbackorder","10":"shipping-taxable","11":"purchasable","12":"product-type-variable"},"acf":[],"jetpack_sharing_enabled":true,"_links":{"self":[{"href":"https:\/\/graficaarejano.com.br\/site\/wp-json\/wp\/v2\/product\/8851","targetHints":{"allow":["GET"]}}],"collection":[{"href":"https:\/\/graficaarejano.com.br\/site\/wp-json\/wp\/v2\/product"}],"about":[{"href":"https:\/\/graficaarejano.com.br\/site\/wp-json\/wp\/v2\/types\/product"}],"replies":[{"embeddable":true,"href":"https:\/\/graficaarejano.com.br\/site\/wp-json\/wp\/v2\/comments?post=8851"}],"wp:featuredmedia":[{"embeddable":true,"href":"https:\/\/graficaarejano.com.br\/site\/wp-json\/wp\/v2\/media\/8852"}],"wp:attachment":[{"href":"https:\/\/graficaarejano.com.br\/site\/wp-json\/wp\/v2\/media?parent=8851"}],"wp:term":[{"taxonomy":"product_brand","embeddable":true,"href":"https:\/\/graficaarejano.com.br\/site\/wp-json\/wp\/v2\/product_brand?post=8851"},{"taxonomy":"product_cat","embeddable":true,"href":"https:\/\/graficaarejano.com.br\/site\/wp-json\/wp\/v2\/product_cat?post=8851"},{"taxonomy":"product_tag","embeddable":true,"href":"https:\/\/graficaarejano.com.br\/site\/wp-json\/wp\/v2\/product_tag?post=8851"}],"curies":[{"name":"wp","href":"https:\/\/api.w.org\/{rel}","templated":true}]}}